{"id":1367,"date":"2016-07-22T10:34:25","date_gmt":"2016-07-22T09:34:25","guid":{"rendered":"http:\/\/standimpro.ch\/particuliers\/?page_id=1367"},"modified":"2026-03-30T12:41:21","modified_gmt":"2026-03-30T11:41:21","slug":"spectacles","status":"publish","type":"page","link":"https:\/\/standimpro.ch\/particuliers\/spectacles\/","title":{"rendered":"Spectacles Impro"},"content":{"rendered":"\t\t<div data-elementor-type=\"wp-page\" data-elementor-id=\"1367\" class=\"elementor elementor-1367\" data-elementor-post-type=\"page\">\n\t\t\t\t\t\t<section class=\"elementor-section elementor-top-section elementor-element elementor-element-38398a6 elementor-section-boxed elementor-section-height-default elementor-section-height-default\" data-id=\"38398a6\" data-element_type=\"section\" data-e-type=\"section\">\n\t\t\t\t\t\t<div class=\"elementor-container elementor-column-gap-default\">\n\t\t\t\t\t<div class=\"elementor-column elementor-col-100 elementor-top-column elementor-element elementor-element-babec07\" data-id=\"babec07\" data-element_type=\"column\" data-e-type=\"column\">\n\t\t\t<div class=\"elementor-widget-wrap elementor-element-populated\">\n\t\t\t\t\t\t<div class=\"elementor-element elementor-element-2279e4d elementor-widget elementor-widget-heading\" data-id=\"2279e4d\" data-element_type=\"widget\" data-e-type=\"widget\" data-widget_type=\"heading.default\">\n\t\t\t\t<div class=\"elementor-widget-container\">\n\t\t\t\t\t<h2 class=\"elementor-heading-title elementor-size-default\">votre mois d'avril <br><\/h2>\t\t\t\t<\/div>\n\t\t\t\t<\/div>\n\t\t\t\t<div class=\"elementor-element elementor-element-cd9b1f3 elementor-widget elementor-widget-heading\" data-id=\"cd9b1f3\" data-element_type=\"widget\" data-e-type=\"widget\" data-widget_type=\"heading.default\">\n\t\t\t\t<div class=\"elementor-widget-container\">\n\t\t\t\t\t<h4 class=\"elementor-heading-title elementor-size-default\">Matchs d'\u00e9l\u00e8ves \u00e0 l'Espace Grosselin le 25 Avril<\/h4>\t\t\t\t<\/div>\n\t\t\t\t<\/div>\n\t\t\t\t<div class=\"elementor-element elementor-element-b96b480 elementor-drop-cap-yes elementor-absolute elementor-drop-cap-view-default elementor-widget elementor-widget-text-editor\" data-id=\"b96b480\" data-element_type=\"widget\" data-e-type=\"widget\" data-settings=\"{&quot;drop_cap&quot;:&quot;yes&quot;,&quot;_position&quot;:&quot;absolute&quot;}\" data-widget_type=\"text-editor.default\">\n\t\t\t\t<div class=\"elementor-widget-container\">\n\t\t\t\t\t\t\t\t\t\n\n\t\t\t\t\t\t\t\t<\/div>\n\t\t\t\t<\/div>\n\t\t\t\t\t<\/div>\n\t\t<\/div>\n\t\t\t\t\t<\/div>\n\t\t<\/section>\n\t\t\t\t<section class=\"elementor-section elementor-top-section elementor-element elementor-element-042c3ba elementor-section-boxed elementor-section-height-default elementor-section-height-default\" data-id=\"042c3ba\" data-element_type=\"section\" data-e-type=\"section\">\n\t\t\t\t\t\t<div class=\"elementor-container elementor-column-gap-default\">\n\t\t\t\t\t<div class=\"elementor-column elementor-col-100 elementor-top-column elementor-element elementor-element-8b0074a\" data-id=\"8b0074a\" data-element_type=\"column\" data-e-type=\"column\">\n\t\t\t<div class=\"elementor-widget-wrap elementor-element-populated\">\n\t\t\t\t\t\t<div class=\"elementor-element elementor-element-c86160e elementor-widget elementor-widget-image\" data-id=\"c86160e\" data-element_type=\"widget\" data-e-type=\"widget\" data-widget_type=\"image.default\">\n\t\t\t\t<div class=\"elementor-widget-container\">\n\t\t\t\t\t\t\t\t\t\t\t\t\t\t\t\t<a href=\"https:\/\/standimpro.ch\/particuliers\/match-impro-eleves-2\/\">\n\t\t\t\t\t\t\t<img decoding=\"async\" width=\"260\" height=\"185\" src=\"https:\/\/standimpro.ch\/particuliers\/wp-content\/uploads\/2024\/10\/MATCH-25-AVRIL-FACEBOOK-260x185.png\" class=\"attachment-portfolio_small size-portfolio_small wp-image-10735\" alt=\"\" \/>\t\t\t\t\t\t\t\t<\/a>\n\t\t\t\t\t\t\t\t\t\t\t\t\t\t\t<\/div>\n\t\t\t\t<\/div>\n\t\t\t\t\t<\/div>\n\t\t<\/div>\n\t\t\t\t\t<\/div>\n\t\t<\/section>\n\t\t\t\t<section class=\"elementor-section elementor-top-section elementor-element elementor-element-8a6e030 elementor-section-boxed elementor-section-height-default elementor-section-height-default\" data-id=\"8a6e030\" data-element_type=\"section\" data-e-type=\"section\">\n\t\t\t\t\t\t<div class=\"elementor-container elementor-column-gap-default\">\n\t\t\t\t\t<div class=\"elementor-column elementor-col-100 elementor-top-column elementor-element elementor-element-63ad279\" data-id=\"63ad279\" data-element_type=\"column\" data-e-type=\"column\">\n\t\t\t<div class=\"elementor-widget-wrap elementor-element-populated\">\n\t\t\t\t\t\t<div class=\"elementor-element elementor-element-8b25217 elementor-align-center elementor-invisible elementor-widget elementor-widget-button\" data-id=\"8b25217\" data-element_type=\"widget\" data-e-type=\"widget\" data-settings=\"{&quot;_animation&quot;:&quot;bounceIn&quot;}\" data-widget_type=\"button.default\">\n\t\t\t\t<div class=\"elementor-widget-container\">\n\t\t\t\t\t\t\t\t\t<div class=\"elementor-button-wrapper\">\n\t\t\t\t\t<a class=\"elementor-button elementor-button-link elementor-size-sm\" href=\"https:\/\/standimpro.ch\/particuliers\/match-impro-eleves-2\/\">\n\t\t\t\t\t\t<span class=\"elementor-button-content-wrapper\">\n\t\t\t\t\t\t\t\t\t<span class=\"elementor-button-text\">Plus d'infos sur les Matchs<\/span>\n\t\t\t\t\t<\/span>\n\t\t\t\t\t<\/a>\n\t\t\t\t<\/div>\n\t\t\t\t\t\t\t\t<\/div>\n\t\t\t\t<\/div>\n\t\t\t\t<div class=\"elementor-element elementor-element-b343353 elementor-view-default elementor-widget elementor-widget-icon\" data-id=\"b343353\" data-element_type=\"widget\" data-e-type=\"widget\" data-widget_type=\"icon.default\">\n\t\t\t\t<div class=\"elementor-widget-container\">\n\t\t\t\t\t\t\t<div class=\"elementor-icon-wrapper\">\n\t\t\t<div class=\"elementor-icon\">\n\t\t\t<i aria-hidden=\"true\" class=\"fas fa-star\"><\/i>\t\t\t<\/div>\n\t\t<\/div>\n\t\t\t\t\t\t<\/div>\n\t\t\t\t<\/div>\n\t\t\t\t<div class=\"elementor-element elementor-element-fe72e71 elementor-widget elementor-widget-heading\" data-id=\"fe72e71\" data-element_type=\"widget\" data-e-type=\"widget\" data-widget_type=\"heading.default\">\n\t\t\t\t<div class=\"elementor-widget-container\">\n\t\t\t\t\t<h4 class=\"elementor-heading-title elementor-size-default\">La Troupe au Chat Noir le Jeudi 30 Avril<\/h4>\t\t\t\t<\/div>\n\t\t\t\t<\/div>\n\t\t\t\t\t<\/div>\n\t\t<\/div>\n\t\t\t\t\t<\/div>\n\t\t<\/section>\n\t\t\t\t<section class=\"elementor-section elementor-top-section elementor-element elementor-element-3f81882 elementor-section-boxed elementor-section-height-default elementor-section-height-default\" data-id=\"3f81882\" data-element_type=\"section\" data-e-type=\"section\">\n\t\t\t\t\t\t<div class=\"elementor-container elementor-column-gap-default\">\n\t\t\t\t\t<div class=\"elementor-column elementor-col-100 elementor-top-column elementor-element elementor-element-879af62\" data-id=\"879af62\" data-element_type=\"column\" data-e-type=\"column\">\n\t\t\t<div class=\"elementor-widget-wrap elementor-element-populated\">\n\t\t\t\t\t\t<div class=\"elementor-element elementor-element-4146067 elementor-widget__width-inherit e-transform elementor-invisible elementor-widget elementor-widget-image\" data-id=\"4146067\" data-element_type=\"widget\" data-e-type=\"widget\" data-settings=\"{&quot;_animation&quot;:&quot;bounceIn&quot;,&quot;_transform_rotateZ_effect&quot;:{&quot;unit&quot;:&quot;px&quot;,&quot;size&quot;:&quot;&quot;,&quot;sizes&quot;:[]},&quot;_transform_rotateZ_effect_tablet&quot;:{&quot;unit&quot;:&quot;deg&quot;,&quot;size&quot;:&quot;&quot;,&quot;sizes&quot;:[]},&quot;_transform_rotateZ_effect_mobile&quot;:{&quot;unit&quot;:&quot;deg&quot;,&quot;size&quot;:&quot;&quot;,&quot;sizes&quot;:[]}}\" data-widget_type=\"image.default\">\n\t\t\t\t<div class=\"elementor-widget-container\">\n\t\t\t\t\t\t\t\t\t\t\t\t\t\t\t\t<a href=\"https:\/\/standimpro.ch\/particuliers\/la-troupe-fete-noel\/\">\n\t\t\t\t\t\t\t<img decoding=\"async\" width=\"171\" height=\"239\" src=\"https:\/\/standimpro.ch\/particuliers\/wp-content\/uploads\/2025\/12\/thumbnail_2024_STAND-IMPRO-SHOW_171x239-copie-2-1.png\" class=\"attachment-medium size-medium wp-image-10397\" alt=\"\" \/>\t\t\t\t\t\t\t\t<\/a>\n\t\t\t\t\t\t\t\t\t\t\t\t\t\t\t<\/div>\n\t\t\t\t<\/div>\n\t\t\t\t\t<\/div>\n\t\t<\/div>\n\t\t\t\t\t<\/div>\n\t\t<\/section>\n\t\t\t\t<section class=\"elementor-section elementor-top-section elementor-element elementor-element-049c87b elementor-section-boxed elementor-section-height-default elementor-section-height-default\" data-id=\"049c87b\" data-element_type=\"section\" data-e-type=\"section\">\n\t\t\t\t\t\t<div class=\"elementor-container elementor-column-gap-default\">\n\t\t\t\t\t<div class=\"elementor-column elementor-col-100 elementor-top-column elementor-element elementor-element-5466b27\" data-id=\"5466b27\" data-element_type=\"column\" data-e-type=\"column\">\n\t\t\t<div class=\"elementor-widget-wrap elementor-element-populated\">\n\t\t\t\t\t\t<div class=\"elementor-element elementor-element-0e3e768 elementor-align-center elementor-widget elementor-widget-button\" data-id=\"0e3e768\" data-element_type=\"widget\" data-e-type=\"widget\" data-widget_type=\"button.default\">\n\t\t\t\t<div class=\"elementor-widget-container\">\n\t\t\t\t\t\t\t\t\t<div class=\"elementor-button-wrapper\">\n\t\t\t\t\t<a class=\"elementor-button elementor-button-link elementor-size-sm\" href=\"https:\/\/infomaniak.events\/shop\/stand-impro-show-avril-DHYGM2BCBW\">\n\t\t\t\t\t\t<span class=\"elementor-button-content-wrapper\">\n\t\t\t\t\t\t\t\t\t<span class=\"elementor-button-text\">R\u00e9servez votre billet en ligne pour le Stand Impro Show du 30 Avril<\/span>\n\t\t\t\t\t<\/span>\n\t\t\t\t\t<\/a>\n\t\t\t\t<\/div>\n\t\t\t\t\t\t\t\t<\/div>\n\t\t\t\t<\/div>\n\t\t\t\t\t<\/div>\n\t\t<\/div>\n\t\t\t\t\t<\/div>\n\t\t<\/section>\n\t\t\t\t<section class=\"elementor-section elementor-top-section elementor-element elementor-element-98ebb6a elementor-section-boxed elementor-section-height-default elementor-section-height-default\" data-id=\"98ebb6a\" data-element_type=\"section\" data-e-type=\"section\">\n\t\t\t\t\t\t<div class=\"elementor-container elementor-column-gap-default\">\n\t\t\t\t\t<div class=\"elementor-column elementor-col-100 elementor-top-column elementor-element elementor-element-b2fe8e4\" data-id=\"b2fe8e4\" data-element_type=\"column\" data-e-type=\"column\">\n\t\t\t<div class=\"elementor-widget-wrap\">\n\t\t\t\t\t\t\t<\/div>\n\t\t<\/div>\n\t\t\t\t\t<\/div>\n\t\t<\/section>\n\t\t\t\t<\/div>\n\t\t<!-- AddThis Advanced Settings generic via filter on the_content --><!-- AddThis Share Buttons generic via filter on the_content -->","protected":false},"excerpt":{"rendered":"<p>votre mois d&rsquo;avril Matchs d&rsquo;\u00e9l\u00e8ves \u00e0 l&rsquo;Espace Grosselin le 25 Avril Plus d&rsquo;infos sur les Matchs La Troupe au Chat Noir le Jeudi 30 Avril R\u00e9servez votre billet en ligne pour le Stand Impro Show du 30 Avril<!-- AddThis Advanced Settings generic via filter on get_the_excerpt --><!-- AddThis Share Buttons generic via filter on get_the_excerpt --><\/p>\n","protected":false},"author":1,"featured_media":0,"parent":0,"menu_order":0,"comment_status":"closed","ping_status":"closed","template":"","meta":{"footnotes":""},"class_list":["post-1367","page","type-page","status-publish","hentry"],"yoast_head":"<!-- This site is optimized with the Yoast SEO plugin v27.1.1 - https:\/\/yoast.com\/product\/yoast-seo-wordpress\/ -->\n<title>Spectacles Impro -<\/title>\n<meta name=\"robots\" content=\"index, follow, max-snippet:-1, max-image-preview:large, max-video-preview:-1\" \/>\n<link rel=\"canonical\" href=\"https:\/\/standimpro.ch\/particuliers\/spectacles\/\" \/>\n<meta property=\"og:locale\" content=\"fr_FR\" \/>\n<meta property=\"og:type\" content=\"article\" \/>\n<meta property=\"og:title\" content=\"Spectacles Impro -\" \/>\n<meta property=\"og:description\" content=\"votre mois d&rsquo;avril Matchs d&rsquo;\u00e9l\u00e8ves \u00e0 l&rsquo;Espace Grosselin le 25 Avril Plus d&rsquo;infos sur les Matchs La Troupe au Chat Noir le Jeudi 30 Avril R\u00e9servez votre billet en ligne pour le Stand Impro Show du 30 Avril\" \/>\n<meta property=\"og:url\" content=\"https:\/\/standimpro.ch\/particuliers\/spectacles\/\" \/>\n<meta property=\"article:publisher\" content=\"https:\/\/www.facebook.com\/standimpro\/?ref=aymt_homepage_panel\" \/>\n<meta property=\"article:modified_time\" content=\"2026-03-30T11:41:21+00:00\" \/>\n<meta property=\"og:image\" content=\"https:\/\/standimpro.ch\/particuliers\/wp-content\/uploads\/2024\/10\/MATCH-25-AVRIL-FACEBOOK.png\" \/>\n\t<meta property=\"og:image:width\" content=\"1300\" \/>\n\t<meta property=\"og:image:height\" content=\"866\" \/>\n\t<meta property=\"og:image:type\" content=\"image\/png\" \/>\n<meta name=\"twitter:label1\" content=\"Dur\u00e9e de lecture estim\u00e9e\" \/>\n\t<meta name=\"twitter:data1\" content=\"1 minute\" \/>\n<script type=\"application\/ld+json\" class=\"yoast-schema-graph\">{\"@context\":\"https:\/\/schema.org\",\"@graph\":[{\"@type\":\"WebPage\",\"@id\":\"https:\/\/standimpro.ch\/particuliers\/spectacles\/\",\"url\":\"https:\/\/standimpro.ch\/particuliers\/spectacles\/\",\"name\":\"Spectacles Impro -\",\"isPartOf\":{\"@id\":\"https:\/\/standimpro.ch\/particuliers\/#website\"},\"primaryImageOfPage\":{\"@id\":\"https:\/\/standimpro.ch\/particuliers\/spectacles\/#primaryimage\"},\"image\":{\"@id\":\"https:\/\/standimpro.ch\/particuliers\/spectacles\/#primaryimage\"},\"thumbnailUrl\":\"https:\/\/standimpro.ch\/particuliers\/wp-content\/uploads\/2024\/10\/MATCH-25-AVRIL-FACEBOOK-260x185.png\",\"datePublished\":\"2016-07-22T09:34:25+00:00\",\"dateModified\":\"2026-03-30T11:41:21+00:00\",\"breadcrumb\":{\"@id\":\"https:\/\/standimpro.ch\/particuliers\/spectacles\/#breadcrumb\"},\"inLanguage\":\"fr-FR\",\"potentialAction\":[{\"@type\":\"ReadAction\",\"target\":[\"https:\/\/standimpro.ch\/particuliers\/spectacles\/\"]}]},{\"@type\":\"ImageObject\",\"inLanguage\":\"fr-FR\",\"@id\":\"https:\/\/standimpro.ch\/particuliers\/spectacles\/#primaryimage\",\"url\":\"https:\/\/standimpro.ch\/particuliers\/wp-content\/uploads\/2024\/10\/MATCH-25-AVRIL-FACEBOOK.png\",\"contentUrl\":\"https:\/\/standimpro.ch\/particuliers\/wp-content\/uploads\/2024\/10\/MATCH-25-AVRIL-FACEBOOK.png\",\"width\":1300,\"height\":866},{\"@type\":\"BreadcrumbList\",\"@id\":\"https:\/\/standimpro.ch\/particuliers\/spectacles\/#breadcrumb\",\"itemListElement\":[{\"@type\":\"ListItem\",\"position\":1,\"name\":\"Accueil\",\"item\":\"https:\/\/standimpro.ch\/particuliers\/impro\/\"},{\"@type\":\"ListItem\",\"position\":2,\"name\":\"Spectacles Impro\"}]},{\"@type\":\"WebSite\",\"@id\":\"https:\/\/standimpro.ch\/particuliers\/#website\",\"url\":\"https:\/\/standimpro.ch\/particuliers\/\",\"name\":\"\",\"description\":\"\",\"potentialAction\":[{\"@type\":\"SearchAction\",\"target\":{\"@type\":\"EntryPoint\",\"urlTemplate\":\"https:\/\/standimpro.ch\/particuliers\/?s={search_term_string}\"},\"query-input\":{\"@type\":\"PropertyValueSpecification\",\"valueRequired\":true,\"valueName\":\"search_term_string\"}}],\"inLanguage\":\"fr-FR\"}]}<\/script>\n<!-- \/ Yoast SEO plugin. -->","yoast_head_json":{"title":"Spectacles Impro -","robots":{"index":"index","follow":"follow","max-snippet":"max-snippet:-1","max-image-preview":"max-image-preview:large","max-video-preview":"max-video-preview:-1"},"canonical":"https:\/\/standimpro.ch\/particuliers\/spectacles\/","og_locale":"fr_FR","og_type":"article","og_title":"Spectacles Impro -","og_description":"votre mois d&rsquo;avril Matchs d&rsquo;\u00e9l\u00e8ves \u00e0 l&rsquo;Espace Grosselin le 25 Avril Plus d&rsquo;infos sur les Matchs La Troupe au Chat Noir le Jeudi 30 Avril R\u00e9servez votre billet en ligne pour le Stand Impro Show du 30 Avril","og_url":"https:\/\/standimpro.ch\/particuliers\/spectacles\/","article_publisher":"https:\/\/www.facebook.com\/standimpro\/?ref=aymt_homepage_panel","article_modified_time":"2026-03-30T11:41:21+00:00","og_image":[{"width":1300,"height":866,"url":"https:\/\/standimpro.ch\/particuliers\/wp-content\/uploads\/2024\/10\/MATCH-25-AVRIL-FACEBOOK.png","type":"image\/png"}],"twitter_misc":{"Dur\u00e9e de lecture estim\u00e9e":"1 minute"},"schema":{"@context":"https:\/\/schema.org","@graph":[{"@type":"WebPage","@id":"https:\/\/standimpro.ch\/particuliers\/spectacles\/","url":"https:\/\/standimpro.ch\/particuliers\/spectacles\/","name":"Spectacles Impro -","isPartOf":{"@id":"https:\/\/standimpro.ch\/particuliers\/#website"},"primaryImageOfPage":{"@id":"https:\/\/standimpro.ch\/particuliers\/spectacles\/#primaryimage"},"image":{"@id":"https:\/\/standimpro.ch\/particuliers\/spectacles\/#primaryimage"},"thumbnailUrl":"https:\/\/standimpro.ch\/particuliers\/wp-content\/uploads\/2024\/10\/MATCH-25-AVRIL-FACEBOOK-260x185.png","datePublished":"2016-07-22T09:34:25+00:00","dateModified":"2026-03-30T11:41:21+00:00","breadcrumb":{"@id":"https:\/\/standimpro.ch\/particuliers\/spectacles\/#breadcrumb"},"inLanguage":"fr-FR","potentialAction":[{"@type":"ReadAction","target":["https:\/\/standimpro.ch\/particuliers\/spectacles\/"]}]},{"@type":"ImageObject","inLanguage":"fr-FR","@id":"https:\/\/standimpro.ch\/particuliers\/spectacles\/#primaryimage","url":"https:\/\/standimpro.ch\/particuliers\/wp-content\/uploads\/2024\/10\/MATCH-25-AVRIL-FACEBOOK.png","contentUrl":"https:\/\/standimpro.ch\/particuliers\/wp-content\/uploads\/2024\/10\/MATCH-25-AVRIL-FACEBOOK.png","width":1300,"height":866},{"@type":"BreadcrumbList","@id":"https:\/\/standimpro.ch\/particuliers\/spectacles\/#breadcrumb","itemListElement":[{"@type":"ListItem","position":1,"name":"Accueil","item":"https:\/\/standimpro.ch\/particuliers\/impro\/"},{"@type":"ListItem","position":2,"name":"Spectacles Impro"}]},{"@type":"WebSite","@id":"https:\/\/standimpro.ch\/particuliers\/#website","url":"https:\/\/standimpro.ch\/particuliers\/","name":"","description":"","potentialAction":[{"@type":"SearchAction","target":{"@type":"EntryPoint","urlTemplate":"https:\/\/standimpro.ch\/particuliers\/?s={search_term_string}"},"query-input":{"@type":"PropertyValueSpecification","valueRequired":true,"valueName":"search_term_string"}}],"inLanguage":"fr-FR"}]}},"_links":{"self":[{"href":"https:\/\/standimpro.ch\/particuliers\/wp-json\/wp\/v2\/pages\/1367","targetHints":{"allow":["GET"]}}],"collection":[{"href":"https:\/\/standimpro.ch\/particuliers\/wp-json\/wp\/v2\/pages"}],"about":[{"href":"https:\/\/standimpro.ch\/particuliers\/wp-json\/wp\/v2\/types\/page"}],"author":[{"embeddable":true,"href":"https:\/\/standimpro.ch\/particuliers\/wp-json\/wp\/v2\/users\/1"}],"replies":[{"embeddable":true,"href":"https:\/\/standimpro.ch\/particuliers\/wp-json\/wp\/v2\/comments?post=1367"}],"version-history":[{"count":920,"href":"https:\/\/standimpro.ch\/particuliers\/wp-json\/wp\/v2\/pages\/1367\/revisions"}],"predecessor-version":[{"id":10773,"href":"https:\/\/standimpro.ch\/particuliers\/wp-json\/wp\/v2\/pages\/1367\/revisions\/10773"}],"wp:attachment":[{"href":"https:\/\/standimpro.ch\/particuliers\/wp-json\/wp\/v2\/media?parent=1367"}],"curies":[{"name":"wp","href":"https:\/\/api.w.org\/{rel}","templated":true}]}}