{"id":1406,"date":"2016-07-22T13:21:38","date_gmt":"2016-07-22T12:21:38","guid":{"rendered":"http:\/\/standimpro.ch\/particuliers\/?page_id=1406"},"modified":"2018-05-31T07:17:43","modified_gmt":"2018-05-31T06:17:43","slug":"spectacles-eleves","status":"publish","type":"page","link":"https:\/\/standimpro.ch\/particuliers\/spectacles-eleves\/","title":{"rendered":"Spectacles \u00e9l\u00e8ves"},"content":{"rendered":"<div  class='flex_column av-av_one_half-2a9015ff38129c418a3f2eafba3e9512 av_one_half  avia-builder-el-0  el_before_av_one_half  avia-builder-el-first  first flex_column_div  '     ><section  class='av_textblock_section av-av_textblock-0366cc7376be6c9e82a3e9cc8987b64f '   itemscope=\"itemscope\" itemtype=\"https:\/\/schema.org\/CreativeWork\" ><div class='avia_textblock'  itemprop=\"text\" ><p><a href=\"https:\/\/standimpro.ch\/particuliers\/wp-content\/uploads\/2018\/04\/Spectacle_eleves_commun.jpg\"><img fetchpriority=\"high\" decoding=\"async\" class=\"wp-image-2963 aligncenter\" src=\"https:\/\/standimpro.ch\/particuliers\/wp-content\/uploads\/2018\/04\/Spectacle_eleves_commun.jpg\" alt=\"\" width=\"350\" height=\"492\" srcset=\"https:\/\/standimpro.ch\/particuliers\/wp-content\/uploads\/2018\/04\/Spectacle_eleves_commun.jpg 3579w, https:\/\/standimpro.ch\/particuliers\/wp-content\/uploads\/2018\/04\/Spectacle_eleves_commun-213x300.jpg 213w, https:\/\/standimpro.ch\/particuliers\/wp-content\/uploads\/2018\/04\/Spectacle_eleves_commun-768x1080.jpg 768w, https:\/\/standimpro.ch\/particuliers\/wp-content\/uploads\/2018\/04\/Spectacle_eleves_commun-733x1030.jpg 733w, https:\/\/standimpro.ch\/particuliers\/wp-content\/uploads\/2018\/04\/Spectacle_eleves_commun-1067x1500.jpg 1067w, https:\/\/standimpro.ch\/particuliers\/wp-content\/uploads\/2018\/04\/Spectacle_eleves_commun-502x705.jpg 502w, https:\/\/standimpro.ch\/particuliers\/wp-content\/uploads\/2018\/04\/Spectacle_eleves_commun-450x633.jpg 450w\" sizes=\"(max-width: 350px) 100vw, 350px\" \/><\/a><\/p>\n<\/div><\/section><\/div>\n<div  class='flex_column av-av_one_half-cae1f7b2f72c6a5cdf3719c4a548253a av_one_half  avia-builder-el-2  el_after_av_one_half  el_before_av_one_fourth  flex_column_div  '     ><section  class='av_textblock_section av-av_textblock-0366cc7376be6c9e82a3e9cc8987b64f '   itemscope=\"itemscope\" itemtype=\"https:\/\/schema.org\/CreativeWork\" ><div class='avia_textblock'  itemprop=\"text\" ><p><strong>Impro Premi\u00e8re<\/strong><\/p>\n<p>Un groupe de com\u00e9diens d\u00e9jant\u00e9s qui joueront par moment un pompier pyromane, une business woman en d\u00e9tresse, un flic pervers narcissique ou encore un astronaute en reconnaissance sur le Lac L\u00e9man! Ces r\u00f4les d\u00e9cal\u00e9s, c\u2019est VOUS qui allez pouvoir les leur imposer puisqu\u2019il s\u2019agit des \u201cImpro Premi\u00e8res\u201d.<\/p>\n<p>Les \u201cImpro Premi\u00e8res\u201d sont les premiers spectacles des joueurs d\u2019improvisation th\u00e9\u00e2trale de Stand\u2019Impro. Un bapt\u00eame pour certains, une confirmation pour d\u2019autres, venez d\u00e9couvrir dans une ambiance folle les tournants surprenants et inattendus de cette repr\u00e9sentation unique.<\/p>\n<\/div><\/section><\/div>\n<div  class='flex_column av-av_one_fourth-2a9015ff38129c418a3f2eafba3e9512 av_one_fourth  avia-builder-el-4  el_after_av_one_half  el_before_av_one_fourth  first flex_column_div  column-top-margin'     ><div  class='av_promobox av-av_promobox-4d82e1c2226f5f04df9181e055ac0010 avia-button-yes  avia-builder-el-5  avia-builder-el-no-sibling '><div class='avia-promocontent'><\/div><div  class='avia-button-wrap av-av_button-44cc226fdc939ab3476bfd586bb8a511-wrap avia-button-right '><a href='https:\/\/standimpro.ch\/particuliers\/impro-premiere-14-04-2018\/'  class='avia-button av-av_button-44cc226fdc939ab3476bfd586bb8a511 av-link-btn avia-icon_select-no avia-size-large avia-position-right avia-color-theme-color'   aria-label=\"14 avril 2018\"><span class='avia_iconbox_title' >14 avril 2018<\/span><\/a><\/div><\/div><\/div>\n<div  class='flex_column av-av_one_fourth-cae1f7b2f72c6a5cdf3719c4a548253a av_one_fourth  avia-builder-el-6  el_after_av_one_fourth  el_before_av_one_fourth  flex_column_div  column-top-margin'     ><div  class='av_promobox av-av_promobox-9ce05f4b6327a42467f0484eacf7a189 avia-button-yes  avia-builder-el-7  avia-builder-el-no-sibling '><div class='avia-promocontent'><\/div><div  class='avia-button-wrap av-av_button-5c789e6213e64cdb2ba6d18e22ccc4bd-wrap avia-button-right '><a href='https:\/\/standimpro.ch\/particuliers\/impro-premiere-05-05-2018\/'  class='avia-button av-av_button-5c789e6213e64cdb2ba6d18e22ccc4bd av-link-btn avia-icon_select-no avia-size-large avia-position-right avia-color-theme-color'   aria-label=\"5 mai 2018\"><span class='avia_iconbox_title' >5 mai 2018<\/span><\/a><\/div><\/div><\/div>\n<div  class='flex_column av-av_one_fourth-cae1f7b2f72c6a5cdf3719c4a548253a av_one_fourth  avia-builder-el-8  el_after_av_one_fourth  el_before_av_one_fourth  flex_column_div  column-top-margin'     ><div  class='av_promobox av-av_promobox-52040ea0101480b7d669cf9e1bad7a5c avia-button-yes  avia-builder-el-9  avia-builder-el-no-sibling '><div class='avia-promocontent'><\/div><div  class='avia-button-wrap av-av_button-6769d7e882d3bb9c5636b1e3fac98cdd-wrap avia-button-right '><a href='https:\/\/standimpro.ch\/particuliers\/impro-premiere-12-05-2018\/'  class='avia-button av-av_button-6769d7e882d3bb9c5636b1e3fac98cdd av-link-btn avia-icon_select-no avia-size-large avia-position-right avia-color-theme-color'   aria-label=\"12 mai 2018\"><span class='avia_iconbox_title' >12 mai 2018<\/span><\/a><\/div><\/div><\/div>\n<div  class='flex_column av-av_one_fourth-cae1f7b2f72c6a5cdf3719c4a548253a av_one_fourth  avia-builder-el-10  el_after_av_one_fourth  el_before_av_one_fourth  flex_column_div  column-top-margin'     ><div  class='av_promobox av-av_promobox-61a3d130673697e0ce3c2fe27ec34463 avia-button-yes  avia-builder-el-11  avia-builder-el-no-sibling '><div class='avia-promocontent'><\/div><div  class='avia-button-wrap av-av_button-4b4b1fe8db729072f70b2404a7e44515-wrap avia-button-right '><a href='https:\/\/standimpro.ch\/particuliers\/impro-premiere-02-06-2018\/'  class='avia-button av-av_button-4b4b1fe8db729072f70b2404a7e44515 av-link-btn avia-icon_select-no avia-size-large avia-position-right avia-color-theme-color'   aria-label=\"02 juin 2018\"><span class='avia_iconbox_title' >02 juin 2018<\/span><\/a><\/div><\/div><\/div>\n<div  class='flex_column av-av_one_fourth-2a9015ff38129c418a3f2eafba3e9512 av_one_fourth  avia-builder-el-12  el_after_av_one_fourth  el_before_av_one_fourth  first flex_column_div  column-top-margin'     ><div  class='av_promobox av-av_promobox-bd6705a88668546df0f238b7341080fd avia-button-yes  avia-builder-el-13  avia-builder-el-no-sibling '><div class='avia-promocontent'><\/div><div  class='avia-button-wrap av-av_button-6bac6bac6ecbc917d847bc355051e4b2-wrap avia-button-right '><a href='https:\/\/standimpro.ch\/particuliers\/impro-premiere-09-06-2018\/'  class='avia-button av-av_button-6bac6bac6ecbc917d847bc355051e4b2 av-link-btn avia-icon_select-no avia-size-large avia-position-right avia-color-theme-color'   aria-label=\"9 juin 2018\"><span class='avia_iconbox_title' >9 juin 2018<\/span><\/a><\/div><\/div><\/div>\n<div  class='flex_column av-av_one_fourth-cae1f7b2f72c6a5cdf3719c4a548253a av_one_fourth  avia-builder-el-14  el_after_av_one_fourth  el_before_av_one_fourth  flex_column_div  column-top-margin'     ><div  class='av_promobox av-av_promobox-a2f199ee92782b7c55439f05290f1d85 avia-button-yes  avia-builder-el-15  avia-builder-el-no-sibling '><div class='avia-promocontent'><\/div><div  class='avia-button-wrap av-av_button-638301d881e4e25a5111f9740160f16d-wrap avia-button-right '><a href='https:\/\/standimpro.ch\/particuliers\/impro-premiere-16-06-2018\/'  class='avia-button av-av_button-638301d881e4e25a5111f9740160f16d av-link-btn avia-icon_select-no avia-size-large avia-position-right avia-color-theme-color'   aria-label=\"16 juin 2018\"><span class='avia_iconbox_title' >16 juin 2018<\/span><\/a><\/div><\/div><\/div>\n<div  class='flex_column av-av_one_fourth-cae1f7b2f72c6a5cdf3719c4a548253a av_one_fourth  avia-builder-el-16  el_after_av_one_fourth  el_before_av_one_fourth  flex_column_div  column-top-margin'     ><div  class='av_promobox av-av_promobox-8e9a4002bd32c270fea7340be732a8a7 avia-button-yes  avia-builder-el-17  avia-builder-el-no-sibling '><div class='avia-promocontent'><\/div><div  class='avia-button-wrap av-av_button-3a80bcb8946c7a0c1e5493a37cec8e75-wrap avia-button-right '><a href='https:\/\/standimpro.ch\/particuliers\/impro-premiere-23-06-2018\/'  class='avia-button av-av_button-3a80bcb8946c7a0c1e5493a37cec8e75 av-link-btn avia-icon_select-no avia-size-large avia-position-right avia-color-theme-color'   aria-label=\"23 juin 2018\"><span class='avia_iconbox_title' >23 juin 2018<\/span><\/a><\/div><\/div><\/div>\n<div  class='flex_column av-av_one_fourth-cae1f7b2f72c6a5cdf3719c4a548253a av_one_fourth  avia-builder-el-18  el_after_av_one_fourth  avia-builder-el-last  flex_column_div  column-top-margin'     ><div  class='av_promobox av-av_promobox-6dbdc4f5a270a9d6b52d1f42f02ee213 avia-button-yes  avia-builder-el-19  avia-builder-el-no-sibling '><div class='avia-promocontent'><\/div><div  class='avia-button-wrap av-av_button-b8efef70e3a71662dec026298eaa5ceb-wrap avia-button-right '><a href='https:\/\/standimpro.ch\/particuliers\/impro-premiere-30-06-2018\/'  class='avia-button av-av_button-b8efef70e3a71662dec026298eaa5ceb av-link-btn avia-icon_select-no avia-size-large avia-position-right avia-color-theme-color'   aria-label=\"30 juin 2018\"><span class='avia_iconbox_title' >30 juin 2018<\/span><\/a><\/div><\/div><\/div>\n<!-- AddThis Advanced Settings generic via filter on the_content --><!-- AddThis Share Buttons generic via filter on the_content -->","protected":false},"excerpt":{"rendered":"<p><!-- AddThis Advanced Settings generic via filter on get_the_excerpt --><!-- AddThis Share Buttons generic via filter on get_the_excerpt --><\/p>\n","protected":false},"author":1,"featured_media":0,"parent":0,"menu_order":0,"comment_status":"closed","ping_status":"closed","template":"","meta":{"footnotes":""},"class_list":["post-1406","page","type-page","status-publish","hentry"],"yoast_head":"<!-- This site is optimized with the Yoast SEO plugin v27.1.1 - https:\/\/yoast.com\/product\/yoast-seo-wordpress\/ -->\n<title>Spectacles \u00e9l\u00e8ves -<\/title>\n<meta name=\"robots\" content=\"index, follow, max-snippet:-1, max-image-preview:large, max-video-preview:-1\" \/>\n<link rel=\"canonical\" href=\"https:\/\/standimpro.ch\/particuliers\/spectacles-eleves\/\" \/>\n<meta property=\"og:locale\" content=\"fr_FR\" \/>\n<meta property=\"og:type\" content=\"article\" \/>\n<meta property=\"og:title\" content=\"Spectacles \u00e9l\u00e8ves -\" \/>\n<meta property=\"og:url\" content=\"https:\/\/standimpro.ch\/particuliers\/spectacles-eleves\/\" \/>\n<meta property=\"article:publisher\" content=\"https:\/\/www.facebook.com\/standimpro\/?ref=aymt_homepage_panel\" \/>\n<meta property=\"article:modified_time\" content=\"2018-05-31T06:17:43+00:00\" \/>\n<meta property=\"og:image\" content=\"https:\/\/standimpro.ch\/particuliers\/wp-content\/uploads\/2018\/04\/Spectacle_eleves_commun.jpg\" \/>\n<meta name=\"twitter:label1\" content=\"Dur\u00e9e de lecture estim\u00e9e\" \/>\n\t<meta name=\"twitter:data1\" content=\"3 minutes\" \/>\n<script type=\"application\/ld+json\" class=\"yoast-schema-graph\">{\"@context\":\"https:\/\/schema.org\",\"@graph\":[{\"@type\":\"WebPage\",\"@id\":\"https:\/\/standimpro.ch\/particuliers\/spectacles-eleves\/\",\"url\":\"https:\/\/standimpro.ch\/particuliers\/spectacles-eleves\/\",\"name\":\"Spectacles \u00e9l\u00e8ves -\",\"isPartOf\":{\"@id\":\"https:\/\/standimpro.ch\/particuliers\/#website\"},\"primaryImageOfPage\":{\"@id\":\"https:\/\/standimpro.ch\/particuliers\/spectacles-eleves\/#primaryimage\"},\"image\":{\"@id\":\"https:\/\/standimpro.ch\/particuliers\/spectacles-eleves\/#primaryimage\"},\"thumbnailUrl\":\"https:\/\/standimpro.ch\/particuliers\/wp-content\/uploads\/2018\/04\/Spectacle_eleves_commun.jpg\",\"datePublished\":\"2016-07-22T12:21:38+00:00\",\"dateModified\":\"2018-05-31T06:17:43+00:00\",\"breadcrumb\":{\"@id\":\"https:\/\/standimpro.ch\/particuliers\/spectacles-eleves\/#breadcrumb\"},\"inLanguage\":\"fr-FR\",\"potentialAction\":[{\"@type\":\"ReadAction\",\"target\":[\"https:\/\/standimpro.ch\/particuliers\/spectacles-eleves\/\"]}]},{\"@type\":\"ImageObject\",\"inLanguage\":\"fr-FR\",\"@id\":\"https:\/\/standimpro.ch\/particuliers\/spectacles-eleves\/#primaryimage\",\"url\":\"https:\/\/standimpro.ch\/particuliers\/wp-content\/uploads\/2018\/04\/Spectacle_eleves_commun.jpg\",\"contentUrl\":\"https:\/\/standimpro.ch\/particuliers\/wp-content\/uploads\/2018\/04\/Spectacle_eleves_commun.jpg\"},{\"@type\":\"BreadcrumbList\",\"@id\":\"https:\/\/standimpro.ch\/particuliers\/spectacles-eleves\/#breadcrumb\",\"itemListElement\":[{\"@type\":\"ListItem\",\"position\":1,\"name\":\"Accueil\",\"item\":\"https:\/\/standimpro.ch\/particuliers\/impro\/\"},{\"@type\":\"ListItem\",\"position\":2,\"name\":\"Spectacles \u00e9l\u00e8ves\"}]},{\"@type\":\"WebSite\",\"@id\":\"https:\/\/standimpro.ch\/particuliers\/#website\",\"url\":\"https:\/\/standimpro.ch\/particuliers\/\",\"name\":\"\",\"description\":\"\",\"potentialAction\":[{\"@type\":\"SearchAction\",\"target\":{\"@type\":\"EntryPoint\",\"urlTemplate\":\"https:\/\/standimpro.ch\/particuliers\/?s={search_term_string}\"},\"query-input\":{\"@type\":\"PropertyValueSpecification\",\"valueRequired\":true,\"valueName\":\"search_term_string\"}}],\"inLanguage\":\"fr-FR\"}]}<\/script>\n<!-- \/ Yoast SEO plugin. -->","yoast_head_json":{"title":"Spectacles \u00e9l\u00e8ves -","robots":{"index":"index","follow":"follow","max-snippet":"max-snippet:-1","max-image-preview":"max-image-preview:large","max-video-preview":"max-video-preview:-1"},"canonical":"https:\/\/standimpro.ch\/particuliers\/spectacles-eleves\/","og_locale":"fr_FR","og_type":"article","og_title":"Spectacles \u00e9l\u00e8ves -","og_url":"https:\/\/standimpro.ch\/particuliers\/spectacles-eleves\/","article_publisher":"https:\/\/www.facebook.com\/standimpro\/?ref=aymt_homepage_panel","article_modified_time":"2018-05-31T06:17:43+00:00","og_image":[{"url":"https:\/\/standimpro.ch\/particuliers\/wp-content\/uploads\/2018\/04\/Spectacle_eleves_commun.jpg","type":"","width":"","height":""}],"twitter_misc":{"Dur\u00e9e de lecture estim\u00e9e":"3 minutes"},"schema":{"@context":"https:\/\/schema.org","@graph":[{"@type":"WebPage","@id":"https:\/\/standimpro.ch\/particuliers\/spectacles-eleves\/","url":"https:\/\/standimpro.ch\/particuliers\/spectacles-eleves\/","name":"Spectacles \u00e9l\u00e8ves -","isPartOf":{"@id":"https:\/\/standimpro.ch\/particuliers\/#website"},"primaryImageOfPage":{"@id":"https:\/\/standimpro.ch\/particuliers\/spectacles-eleves\/#primaryimage"},"image":{"@id":"https:\/\/standimpro.ch\/particuliers\/spectacles-eleves\/#primaryimage"},"thumbnailUrl":"https:\/\/standimpro.ch\/particuliers\/wp-content\/uploads\/2018\/04\/Spectacle_eleves_commun.jpg","datePublished":"2016-07-22T12:21:38+00:00","dateModified":"2018-05-31T06:17:43+00:00","breadcrumb":{"@id":"https:\/\/standimpro.ch\/particuliers\/spectacles-eleves\/#breadcrumb"},"inLanguage":"fr-FR","potentialAction":[{"@type":"ReadAction","target":["https:\/\/standimpro.ch\/particuliers\/spectacles-eleves\/"]}]},{"@type":"ImageObject","inLanguage":"fr-FR","@id":"https:\/\/standimpro.ch\/particuliers\/spectacles-eleves\/#primaryimage","url":"https:\/\/standimpro.ch\/particuliers\/wp-content\/uploads\/2018\/04\/Spectacle_eleves_commun.jpg","contentUrl":"https:\/\/standimpro.ch\/particuliers\/wp-content\/uploads\/2018\/04\/Spectacle_eleves_commun.jpg"},{"@type":"BreadcrumbList","@id":"https:\/\/standimpro.ch\/particuliers\/spectacles-eleves\/#breadcrumb","itemListElement":[{"@type":"ListItem","position":1,"name":"Accueil","item":"https:\/\/standimpro.ch\/particuliers\/impro\/"},{"@type":"ListItem","position":2,"name":"Spectacles \u00e9l\u00e8ves"}]},{"@type":"WebSite","@id":"https:\/\/standimpro.ch\/particuliers\/#website","url":"https:\/\/standimpro.ch\/particuliers\/","name":"","description":"","potentialAction":[{"@type":"SearchAction","target":{"@type":"EntryPoint","urlTemplate":"https:\/\/standimpro.ch\/particuliers\/?s={search_term_string}"},"query-input":{"@type":"PropertyValueSpecification","valueRequired":true,"valueName":"search_term_string"}}],"inLanguage":"fr-FR"}]}},"_links":{"self":[{"href":"https:\/\/standimpro.ch\/particuliers\/wp-json\/wp\/v2\/pages\/1406","targetHints":{"allow":["GET"]}}],"collection":[{"href":"https:\/\/standimpro.ch\/particuliers\/wp-json\/wp\/v2\/pages"}],"about":[{"href":"https:\/\/standimpro.ch\/particuliers\/wp-json\/wp\/v2\/types\/page"}],"author":[{"embeddable":true,"href":"https:\/\/standimpro.ch\/particuliers\/wp-json\/wp\/v2\/users\/1"}],"replies":[{"embeddable":true,"href":"https:\/\/standimpro.ch\/particuliers\/wp-json\/wp\/v2\/comments?post=1406"}],"version-history":[{"count":1,"href":"https:\/\/standimpro.ch\/particuliers\/wp-json\/wp\/v2\/pages\/1406\/revisions"}],"predecessor-version":[{"id":7930,"href":"https:\/\/standimpro.ch\/particuliers\/wp-json\/wp\/v2\/pages\/1406\/revisions\/7930"}],"wp:attachment":[{"href":"https:\/\/standimpro.ch\/particuliers\/wp-json\/wp\/v2\/media?parent=1406"}],"curies":[{"name":"wp","href":"https:\/\/api.w.org\/{rel}","templated":true}]}}