{"id":2489,"date":"2017-08-08T12:01:46","date_gmt":"2017-08-08T11:01:46","guid":{"rendered":"https:\/\/standimpro.ch\/particuliers\/?page_id=2489"},"modified":"2026-02-11T10:00:29","modified_gmt":"2026-02-11T09:00:29","slug":"extraits-des-spectacles","status":"publish","type":"page","link":"https:\/\/standimpro.ch\/particuliers\/extraits-des-spectacles\/","title":{"rendered":"Extraits des spectacles"},"content":{"rendered":"\t\t<div data-elementor-type=\"wp-page\" data-elementor-id=\"2489\" class=\"elementor elementor-2489\" data-elementor-post-type=\"page\">\n\t\t\t\t\t\t<section class=\"elementor-section elementor-top-section elementor-element elementor-element-66e1828 elementor-section-full_width elementor-section-stretched elementor-section-height-default elementor-section-height-default\" data-id=\"66e1828\" data-element_type=\"section\" data-e-type=\"section\" data-settings=\"{&quot;stretch_section&quot;:&quot;section-stretched&quot;,&quot;background_background&quot;:&quot;classic&quot;}\">\n\t\t\t\t\t\t<div class=\"elementor-container elementor-column-gap-default\">\n\t\t\t\t\t<div class=\"elementor-column elementor-col-50 elementor-top-column elementor-element elementor-element-c50affb\" data-id=\"c50affb\" data-element_type=\"column\" data-e-type=\"column\">\n\t\t\t<div class=\"elementor-widget-wrap elementor-element-populated\">\n\t\t\t\t\t\t<div class=\"elementor-element elementor-element-94f1ec4 elementor-widget elementor-widget-heading\" data-id=\"94f1ec4\" data-element_type=\"widget\" data-e-type=\"widget\" data-widget_type=\"heading.default\">\n\t\t\t\t<div class=\"elementor-widget-container\">\n\t\t\t\t\t<h2 class=\"elementor-heading-title elementor-size-default\">Video des spectacles<\/h2>\t\t\t\t<\/div>\n\t\t\t\t<\/div>\n\t\t\t\t\t<\/div>\n\t\t<\/div>\n\t\t\t\t<div class=\"elementor-column elementor-col-50 elementor-top-column elementor-element elementor-element-0b8532f\" data-id=\"0b8532f\" data-element_type=\"column\" data-e-type=\"column\">\n\t\t\t<div class=\"elementor-widget-wrap\">\n\t\t\t\t\t\t\t<\/div>\n\t\t<\/div>\n\t\t\t\t\t<\/div>\n\t\t<\/section>\n\t\t\t\t<section class=\"elementor-section elementor-top-section elementor-element elementor-element-37dfd0a2 elementor-section-height-min-height elementor-section-content-middle elementor-section-items-stretch elementor-section-boxed elementor-section-height-default\" data-id=\"37dfd0a2\" data-element_type=\"section\" data-e-type=\"section\" data-settings=\"{&quot;background_background&quot;:&quot;classic&quot;}\">\n\t\t\t\t\t\t<div class=\"elementor-container elementor-column-gap-default\">\n\t\t\t\t\t<div class=\"elementor-column elementor-col-33 elementor-top-column elementor-element elementor-element-d1d91b2\" data-id=\"d1d91b2\" data-element_type=\"column\" data-e-type=\"column\">\n\t\t\t<div class=\"elementor-widget-wrap\">\n\t\t\t\t\t\t\t<\/div>\n\t\t<\/div>\n\t\t\t\t<div class=\"elementor-column elementor-col-33 elementor-top-column elementor-element elementor-element-7810021\" data-id=\"7810021\" data-element_type=\"column\" data-e-type=\"column\" data-settings=\"{&quot;background_background&quot;:&quot;classic&quot;}\">\n\t\t\t<div class=\"elementor-widget-wrap elementor-element-populated\">\n\t\t\t\t\t\t<div class=\"elementor-element elementor-element-b3836d3 elementor-widget elementor-widget-spacer\" data-id=\"b3836d3\" data-element_type=\"widget\" data-e-type=\"widget\" data-widget_type=\"spacer.default\">\n\t\t\t\t<div class=\"elementor-widget-container\">\n\t\t\t\t\t\t\t<div class=\"elementor-spacer\">\n\t\t\t<div class=\"elementor-spacer-inner\"><\/div>\n\t\t<\/div>\n\t\t\t\t\t\t<\/div>\n\t\t\t\t<\/div>\n\t\t\t\t<div class=\"elementor-element elementor-element-61da1ab elementor-widget elementor-widget-heading\" data-id=\"61da1ab\" data-element_type=\"widget\" data-e-type=\"widget\" data-widget_type=\"heading.default\">\n\t\t\t\t<div class=\"elementor-widget-container\">\n\t\t\t\t\t<h2 class=\"elementor-heading-title elementor-size-default\">\"L'ECRIVAIN\" <\/h2>\t\t\t\t<\/div>\n\t\t\t\t<\/div>\n\t\t\t\t<div class=\"elementor-element elementor-element-e83d97d elementor-widget elementor-widget-text-editor\" data-id=\"e83d97d\" data-element_type=\"widget\" data-e-type=\"widget\" data-widget_type=\"text-editor.default\">\n\t\t\t\t<div class=\"elementor-widget-container\">\n\t\t\t\t\t\t\t\t\t<p><strong>Contraintes du public: le protagoniste exerce la profession de Boucher?<br><\/strong><\/p><p><strong>Ca donne quoi un boucher qui doit \u00e9crire ses m\u00e9moires occasionnellement? La r\u00e9ponse dans 5,4,3,2,1&#8230; impro les Com\u00e9diens!<\/strong><\/p>\t\t\t\t\t\t\t\t<\/div>\n\t\t\t\t<\/div>\n\t\t\t\t<div class=\"elementor-element elementor-element-add422a elementor-widget__width-initial elementor-widget elementor-widget-video\" data-id=\"add422a\" data-element_type=\"widget\" data-e-type=\"widget\" data-settings=\"{&quot;video_type&quot;:&quot;hosted&quot;,&quot;start&quot;:0,&quot;controls&quot;:&quot;yes&quot;}\" data-widget_type=\"video.default\">\n\t\t\t\t<div class=\"elementor-widget-container\">\n\t\t\t\t\t\t\t<div class=\"e-hosted-video elementor-wrapper elementor-open-inline\">\n\t\t\t\t\t<video class=\"elementor-video\" src=\"https:\/\/standimpro.ch\/particuliers\/wp-content\/uploads\/2023\/01\/7d51c973-b7d7-4d47-b0df-504932d74d0e-1.mp4\" controls=\"\" preload=\"metadata\" controlsList=\"nodownload\" poster=\"https:\/\/standimpro.ch\/particuliers\/wp-content\/uploads\/2023\/08\/Ecrivain-couverture.png\"><\/video>\n\t\t\t\t<\/div>\n\t\t\t\t\t\t<\/div>\n\t\t\t\t<\/div>\n\t\t\t\t<div class=\"elementor-element elementor-element-9a0fae2 elementor-widget elementor-widget-spacer\" data-id=\"9a0fae2\" data-element_type=\"widget\" data-e-type=\"widget\" data-widget_type=\"spacer.default\">\n\t\t\t\t<div class=\"elementor-widget-container\">\n\t\t\t\t\t\t\t<div class=\"elementor-spacer\">\n\t\t\t<div class=\"elementor-spacer-inner\"><\/div>\n\t\t<\/div>\n\t\t\t\t\t\t<\/div>\n\t\t\t\t<\/div>\n\t\t\t\t<div class=\"elementor-element elementor-element-d57ec1e elementor-widget elementor-widget-heading\" data-id=\"d57ec1e\" data-element_type=\"widget\" data-e-type=\"widget\" data-widget_type=\"heading.default\">\n\t\t\t\t<div class=\"elementor-widget-container\">\n\t\t\t\t\t<h2 class=\"elementor-heading-title elementor-size-default\">HISTOIRE CONSTRUITE<\/h2>\t\t\t\t<\/div>\n\t\t\t\t<\/div>\n\t\t\t\t<div class=\"elementor-element elementor-element-4fd6b0c elementor-widget elementor-widget-text-editor\" data-id=\"4fd6b0c\" data-element_type=\"widget\" data-e-type=\"widget\" data-widget_type=\"text-editor.default\">\n\t\t\t\t<div class=\"elementor-widget-container\">\n\t\t\t\t\t\t\t\t\t<strong><strong>Contraintes du public: le premier Com\u00e9dien doit exercer une action sans savoir ce qu&rsquo;il fait tout en s&rsquo;inspirant de la musique?<\/strong>\n\n\n<br class=\"avia-permanent-lb\" \/>\n\n<br class=\"avia-permanent-lb\" \/>Est-ce possible de construire une histoire humoristique et construite pendant plus de 20 minutes de fa\u00e7on improvis\u00e9e?\n\n<strong><br class=\"avia-permanent-lb\" \/>\n\nLes Com\u00e9diens, donnez-nous la r\u00e9ponse dans 5,4,3,2,1&#8230; impro!<\/strong><\/strong>\t\t\t\t\t\t\t\t<\/div>\n\t\t\t\t<\/div>\n\t\t\t\t<div class=\"elementor-element elementor-element-339bb10 elementor-widget elementor-widget-video\" data-id=\"339bb10\" data-element_type=\"widget\" data-e-type=\"widget\" data-settings=\"{&quot;video_type&quot;:&quot;vimeo&quot;}\" data-widget_type=\"video.default\">\n\t\t\t\t<div class=\"elementor-widget-container\">\n\t\t\t\t\t\t\t<div class=\"elementor-wrapper elementor-open-inline\">\n\t\t\t<iframe class=\"elementor-video-iframe\" allowfullscreen allow=\"clipboard-write\" title=\"Lecteur vid\u00e9o vimeo\" src=\"https:\/\/player.vimeo.com\/video\/263108491?color&amp;autopause=0&amp;loop=0&amp;muted=0&amp;title=1&amp;portrait=1&amp;byline=1#t=\"><\/iframe>\t\t<\/div>\n\t\t\t\t\t\t<\/div>\n\t\t\t\t<\/div>\n\t\t\t\t<section class=\"elementor-section elementor-inner-section elementor-element elementor-element-1274af3 elementor-section-boxed elementor-section-height-default elementor-section-height-default\" data-id=\"1274af3\" data-element_type=\"section\" data-e-type=\"section\">\n\t\t\t\t\t\t<div class=\"elementor-container elementor-column-gap-default\">\n\t\t\t\t\t<div class=\"elementor-column elementor-col-25 elementor-inner-column elementor-element elementor-element-56cfb21\" data-id=\"56cfb21\" data-element_type=\"column\" data-e-type=\"column\">\n\t\t\t<div class=\"elementor-widget-wrap elementor-element-populated\">\n\t\t\t\t\t\t<div class=\"elementor-element elementor-element-0c99d10 elementor-widget elementor-widget-video\" data-id=\"0c99d10\" data-element_type=\"widget\" data-e-type=\"widget\" data-settings=\"{&quot;video_type&quot;:&quot;vimeo&quot;}\" data-widget_type=\"video.default\">\n\t\t\t\t<div class=\"elementor-widget-container\">\n\t\t\t\t\t\t\t<div class=\"elementor-wrapper elementor-open-inline\">\n\t\t\t<iframe class=\"elementor-video-iframe\" allowfullscreen allow=\"clipboard-write\" title=\"Lecteur vid\u00e9o vimeo\" src=\"https:\/\/player.vimeo.com\/video\/263706436?color&amp;autopause=0&amp;loop=0&amp;muted=0&amp;title=1&amp;portrait=1&amp;byline=1#t=\"><\/iframe>\t\t<\/div>\n\t\t\t\t\t\t<\/div>\n\t\t\t\t<\/div>\n\t\t\t\t\t<\/div>\n\t\t<\/div>\n\t\t\t\t<div class=\"elementor-column elementor-col-25 elementor-inner-column elementor-element elementor-element-4317e9b\" data-id=\"4317e9b\" data-element_type=\"column\" data-e-type=\"column\">\n\t\t\t<div class=\"elementor-widget-wrap elementor-element-populated\">\n\t\t\t\t\t\t<div class=\"elementor-element elementor-element-ed65182 elementor-widget elementor-widget-video\" data-id=\"ed65182\" data-element_type=\"widget\" data-e-type=\"widget\" data-settings=\"{&quot;video_type&quot;:&quot;vimeo&quot;}\" data-widget_type=\"video.default\">\n\t\t\t\t<div class=\"elementor-widget-container\">\n\t\t\t\t\t\t\t<div class=\"elementor-wrapper elementor-open-inline\">\n\t\t\t<iframe class=\"elementor-video-iframe\" allowfullscreen allow=\"clipboard-write\" title=\"Lecteur vid\u00e9o vimeo\" src=\"https:\/\/player.vimeo.com\/video\/264729798?color&amp;autopause=0&amp;loop=0&amp;muted=0&amp;title=1&amp;portrait=1&amp;byline=1#t=\"><\/iframe>\t\t<\/div>\n\t\t\t\t\t\t<\/div>\n\t\t\t\t<\/div>\n\t\t\t\t\t<\/div>\n\t\t<\/div>\n\t\t\t\t<div class=\"elementor-column elementor-col-25 elementor-inner-column elementor-element elementor-element-bac9bfa\" data-id=\"bac9bfa\" data-element_type=\"column\" data-e-type=\"column\">\n\t\t\t<div class=\"elementor-widget-wrap elementor-element-populated\">\n\t\t\t\t\t\t<div class=\"elementor-element elementor-element-ad3c4d8 elementor-widget elementor-widget-video\" data-id=\"ad3c4d8\" data-element_type=\"widget\" data-e-type=\"widget\" data-settings=\"{&quot;video_type&quot;:&quot;vimeo&quot;}\" data-widget_type=\"video.default\">\n\t\t\t\t<div class=\"elementor-widget-container\">\n\t\t\t\t\t\t\t<div class=\"elementor-wrapper elementor-open-inline\">\n\t\t\t<iframe class=\"elementor-video-iframe\" allowfullscreen allow=\"clipboard-write\" title=\"Lecteur vid\u00e9o vimeo\" src=\"https:\/\/player.vimeo.com\/video\/265879202?color&amp;autopause=0&amp;loop=0&amp;muted=0&amp;title=1&amp;portrait=1&amp;byline=1#t=\"><\/iframe>\t\t<\/div>\n\t\t\t\t\t\t<\/div>\n\t\t\t\t<\/div>\n\t\t\t\t\t<\/div>\n\t\t<\/div>\n\t\t\t\t<div class=\"elementor-column elementor-col-25 elementor-inner-column elementor-element elementor-element-f1a0696\" data-id=\"f1a0696\" data-element_type=\"column\" data-e-type=\"column\">\n\t\t\t<div class=\"elementor-widget-wrap elementor-element-populated\">\n\t\t\t\t\t\t<div class=\"elementor-element elementor-element-10ffbd4 elementor-widget elementor-widget-video\" data-id=\"10ffbd4\" data-element_type=\"widget\" data-e-type=\"widget\" data-settings=\"{&quot;video_type&quot;:&quot;vimeo&quot;}\" data-widget_type=\"video.default\">\n\t\t\t\t<div class=\"elementor-widget-container\">\n\t\t\t\t\t\t\t<div class=\"elementor-wrapper elementor-open-inline\">\n\t\t\t<iframe class=\"elementor-video-iframe\" allowfullscreen allow=\"clipboard-write\" title=\"Lecteur vid\u00e9o vimeo\" src=\"https:\/\/player.vimeo.com\/video\/268553979?color&amp;autopause=0&amp;loop=0&amp;muted=0&amp;title=1&amp;portrait=1&amp;byline=1#t=\"><\/iframe>\t\t<\/div>\n\t\t\t\t\t\t<\/div>\n\t\t\t\t<\/div>\n\t\t\t\t\t<\/div>\n\t\t<\/div>\n\t\t\t\t\t<\/div>\n\t\t<\/section>\n\t\t\t\t<div class=\"elementor-element elementor-element-e98cbc3 elementor-widget elementor-widget-spacer\" data-id=\"e98cbc3\" data-element_type=\"widget\" data-e-type=\"widget\" data-widget_type=\"spacer.default\">\n\t\t\t\t<div class=\"elementor-widget-container\">\n\t\t\t\t\t\t\t<div class=\"elementor-spacer\">\n\t\t\t<div class=\"elementor-spacer-inner\"><\/div>\n\t\t<\/div>\n\t\t\t\t\t\t<\/div>\n\t\t\t\t<\/div>\n\t\t\t\t<div class=\"elementor-element elementor-element-93174d9 elementor-widget elementor-widget-heading\" data-id=\"93174d9\" data-element_type=\"widget\" data-e-type=\"widget\" data-widget_type=\"heading.default\">\n\t\t\t\t<div class=\"elementor-widget-container\">\n\t\t\t\t\t<h2 class=\"elementor-heading-title elementor-size-default\">IMPROVISATION WALT DISNEY<\/h2>\t\t\t\t<\/div>\n\t\t\t\t<\/div>\n\t\t\t\t<div class=\"elementor-element elementor-element-06df40d elementor-widget elementor-widget-text-editor\" data-id=\"06df40d\" data-element_type=\"widget\" data-e-type=\"widget\" data-widget_type=\"text-editor.default\">\n\t\t\t\t<div class=\"elementor-widget-container\">\n\t\t\t\t\t\t\t\t\t<p><strong><strong>Contraintes du public: <strong>les Com\u00e9diens doivent utiliser les personnages du G\u00e9nie de la lampe et Princesse Yasmine d&rsquo;Aladin <\/strong><\/strong><\/strong><\/p><strong><strong>\n<\/strong><\/strong><p><strong><strong><br class=\"avia-permanent-lb\"><strong>Qu&rsquo;est-ce que vous allez faire de ces contraintes Walt Disney les Improvisateurs? La r\u00e9ponse dans 5,4,3,2,1&#8230; au jeu!<\/strong><\/strong><\/strong><\/p>\t\t\t\t\t\t\t\t<\/div>\n\t\t\t\t<\/div>\n\t\t\t\t<div class=\"elementor-element elementor-element-3c78352 elementor-widget elementor-widget-video\" data-id=\"3c78352\" data-element_type=\"widget\" data-e-type=\"widget\" data-settings=\"{&quot;youtube_url&quot;:&quot;https:\\\/\\\/www.youtube.com\\\/watch?v=8FNFCZdZo8s&quot;,&quot;video_type&quot;:&quot;youtube&quot;,&quot;controls&quot;:&quot;yes&quot;}\" data-widget_type=\"video.default\">\n\t\t\t\t<div class=\"elementor-widget-container\">\n\t\t\t\t\t\t\t<div class=\"elementor-wrapper elementor-open-inline\">\n\t\t\t<div class=\"elementor-video\"><\/div>\t\t<\/div>\n\t\t\t\t\t\t<\/div>\n\t\t\t\t<\/div>\n\t\t\t\t<div class=\"elementor-element elementor-element-7a40eed elementor-widget elementor-widget-spacer\" data-id=\"7a40eed\" data-element_type=\"widget\" data-e-type=\"widget\" data-widget_type=\"spacer.default\">\n\t\t\t\t<div class=\"elementor-widget-container\">\n\t\t\t\t\t\t\t<div class=\"elementor-spacer\">\n\t\t\t<div class=\"elementor-spacer-inner\"><\/div>\n\t\t<\/div>\n\t\t\t\t\t\t<\/div>\n\t\t\t\t<\/div>\n\t\t\t\t<div class=\"elementor-element elementor-element-e074452 elementor-widget elementor-widget-heading\" data-id=\"e074452\" data-element_type=\"widget\" data-e-type=\"widget\" data-widget_type=\"heading.default\">\n\t\t\t\t<div class=\"elementor-widget-container\">\n\t\t\t\t\t<h2 class=\"elementor-heading-title elementor-size-default\">IMPROVISATION DOUBLAGE AMERICAIN<\/h2>\t\t\t\t<\/div>\n\t\t\t\t<\/div>\n\t\t\t\t<div class=\"elementor-element elementor-element-f208aba elementor-widget elementor-widget-text-editor\" data-id=\"f208aba\" data-element_type=\"widget\" data-e-type=\"widget\" data-widget_type=\"text-editor.default\">\n\t\t\t\t<div class=\"elementor-widget-container\">\n\t\t\t\t\t\t\t\t\t<p><b>Pour cette cat\u00e9gorie, les voix que vous entendez sont les voix de deux autres com\u00e9diens improvisateurs qui parlent dans des micros. L&rsquo;exercice demande une coordination parfaite entre 4 personnes qui ne connaissent pas le texte. Si cela semble simple, alors les com\u00e9diens ont parfaitement r\u00e9ussi l&rsquo;exercice.&nbsp;<br><br><\/b><\/p>\n<p><\/p>\n<p><strong><strong>La contrainte du public: deux ex qui se croisent par hasard<br class=\"avia-permanent-lb\"><strong>Alors, est-ce le cas? La r\u00e9ponse dans 5,4,3,2,1&#8230; au jeu!<\/strong><\/strong><\/strong><\/p>\t\t\t\t\t\t\t\t<\/div>\n\t\t\t\t<\/div>\n\t\t\t\t<div class=\"elementor-element elementor-element-6843ce3 elementor-widget elementor-widget-video\" data-id=\"6843ce3\" data-element_type=\"widget\" data-e-type=\"widget\" data-settings=\"{&quot;youtube_url&quot;:&quot;https:\\\/\\\/www.youtube.com\\\/watch?v=DHqiHYsYmyk&quot;,&quot;video_type&quot;:&quot;youtube&quot;,&quot;controls&quot;:&quot;yes&quot;}\" data-widget_type=\"video.default\">\n\t\t\t\t<div class=\"elementor-widget-container\">\n\t\t\t\t\t\t\t<div class=\"elementor-wrapper elementor-open-inline\">\n\t\t\t<div class=\"elementor-video\"><\/div>\t\t<\/div>\n\t\t\t\t\t\t<\/div>\n\t\t\t\t<\/div>\n\t\t\t\t\t<\/div>\n\t\t<\/div>\n\t\t\t\t<div class=\"elementor-column elementor-col-33 elementor-top-column elementor-element elementor-element-1bf0c8b\" data-id=\"1bf0c8b\" data-element_type=\"column\" data-e-type=\"column\" data-settings=\"{&quot;background_background&quot;:&quot;classic&quot;}\">\n\t\t\t<div class=\"elementor-widget-wrap elementor-element-populated\">\n\t\t\t\t\t\t<div class=\"elementor-element elementor-element-a0cdf43 elementor-widget elementor-widget-spacer\" data-id=\"a0cdf43\" data-element_type=\"widget\" data-e-type=\"widget\" data-widget_type=\"spacer.default\">\n\t\t\t\t<div class=\"elementor-widget-container\">\n\t\t\t\t\t\t\t<div class=\"elementor-spacer\">\n\t\t\t<div class=\"elementor-spacer-inner\"><\/div>\n\t\t<\/div>\n\t\t\t\t\t\t<\/div>\n\t\t\t\t<\/div>\n\t\t\t\t<div class=\"elementor-element elementor-element-6dd0c80 elementor-widget elementor-widget-spacer\" data-id=\"6dd0c80\" data-element_type=\"widget\" data-e-type=\"widget\" data-widget_type=\"spacer.default\">\n\t\t\t\t<div class=\"elementor-widget-container\">\n\t\t\t\t\t\t\t<div class=\"elementor-spacer\">\n\t\t\t<div class=\"elementor-spacer-inner\"><\/div>\n\t\t<\/div>\n\t\t\t\t\t\t<\/div>\n\t\t\t\t<\/div>\n\t\t\t\t<div class=\"elementor-element elementor-element-0809cec elementor-widget elementor-widget-spacer\" data-id=\"0809cec\" data-element_type=\"widget\" data-e-type=\"widget\" data-widget_type=\"spacer.default\">\n\t\t\t\t<div class=\"elementor-widget-container\">\n\t\t\t\t\t\t\t<div class=\"elementor-spacer\">\n\t\t\t<div class=\"elementor-spacer-inner\"><\/div>\n\t\t<\/div>\n\t\t\t\t\t\t<\/div>\n\t\t\t\t<\/div>\n\t\t\t\t\t<\/div>\n\t\t<\/div>\n\t\t\t\t\t<\/div>\n\t\t<\/section>\n\t\t\t\t<section class=\"elementor-section elementor-top-section elementor-element elementor-element-8a86a5c elementor-section-boxed elementor-section-height-default elementor-section-height-default\" data-id=\"8a86a5c\" data-element_type=\"section\" data-e-type=\"section\">\n\t\t\t\t\t\t<div class=\"elementor-container elementor-column-gap-default\">\n\t\t\t\t\t<div class=\"elementor-column elementor-col-100 elementor-top-column elementor-element elementor-element-cd31488\" data-id=\"cd31488\" data-element_type=\"column\" data-e-type=\"column\">\n\t\t\t<div class=\"elementor-widget-wrap\">\n\t\t\t\t\t\t\t<\/div>\n\t\t<\/div>\n\t\t\t\t\t<\/div>\n\t\t<\/section>\n\t\t\t\t<\/div>\n\t\t<!-- AddThis Advanced Settings generic via filter on the_content --><!-- AddThis Share Buttons generic via filter on the_content -->","protected":false},"excerpt":{"rendered":"<p>Video des spectacles \u00ab\u00a0L&rsquo;ECRIVAIN\u00a0\u00bb Contraintes du public: le protagoniste exerce la profession de Boucher? Ca donne quoi un boucher qui doit \u00e9crire ses m\u00e9moires occasionnellement? La r\u00e9ponse dans 5,4,3,2,1&#8230; impro les Com\u00e9diens! https:\/\/standimpro.ch\/particuliers\/wp-content\/uploads\/2023\/01\/7d51c973-b7d7-4d47-b0df-504932d74d0e-1.mp4 HISTOIRE CONSTRUITE Contraintes du public: le premier Com\u00e9dien doit exercer une action sans savoir ce qu&rsquo;il fait tout en s&rsquo;inspirant de la [&hellip;]<!-- AddThis Advanced Settings generic via filter on get_the_excerpt --><!-- AddThis Share Buttons generic via filter on get_the_excerpt --><\/p>\n","protected":false},"author":1,"featured_media":0,"parent":0,"menu_order":0,"comment_status":"closed","ping_status":"closed","template":"elementor_header_footer","meta":{"footnotes":""},"class_list":["post-2489","page","type-page","status-publish","hentry"],"yoast_head":"<!-- This site is optimized with the Yoast SEO plugin v27.1.1 - https:\/\/yoast.com\/product\/yoast-seo-wordpress\/ -->\n<title>Extraits des spectacles -<\/title>\n<meta name=\"robots\" content=\"index, follow, max-snippet:-1, max-image-preview:large, max-video-preview:-1\" \/>\n<link rel=\"canonical\" href=\"https:\/\/standimpro.ch\/particuliers\/extraits-des-spectacles\/\" \/>\n<meta property=\"og:locale\" content=\"fr_FR\" \/>\n<meta property=\"og:type\" content=\"article\" \/>\n<meta property=\"og:title\" content=\"Extraits des spectacles -\" \/>\n<meta property=\"og:description\" content=\"Video des spectacles \u00ab\u00a0L&rsquo;ECRIVAIN\u00a0\u00bb Contraintes du public: le protagoniste exerce la profession de Boucher? Ca donne quoi un boucher qui doit \u00e9crire ses m\u00e9moires occasionnellement? La r\u00e9ponse dans 5,4,3,2,1&#8230; impro les Com\u00e9diens! https:\/\/standimpro.ch\/particuliers\/wp-content\/uploads\/2023\/01\/7d51c973-b7d7-4d47-b0df-504932d74d0e-1.mp4 HISTOIRE CONSTRUITE Contraintes du public: le premier Com\u00e9dien doit exercer une action sans savoir ce qu&rsquo;il fait tout en s&rsquo;inspirant de la [&hellip;]\" \/>\n<meta property=\"og:url\" content=\"https:\/\/standimpro.ch\/particuliers\/extraits-des-spectacles\/\" \/>\n<meta property=\"article:publisher\" content=\"https:\/\/www.facebook.com\/standimpro\/?ref=aymt_homepage_panel\" \/>\n<meta property=\"article:modified_time\" content=\"2026-02-11T09:00:29+00:00\" \/>\n<meta name=\"twitter:label1\" content=\"Dur\u00e9e de lecture estim\u00e9e\" \/>\n\t<meta name=\"twitter:data1\" content=\"1 minute\" \/>\n<script type=\"application\/ld+json\" class=\"yoast-schema-graph\">{\"@context\":\"https:\/\/schema.org\",\"@graph\":[{\"@type\":\"WebPage\",\"@id\":\"https:\/\/standimpro.ch\/particuliers\/extraits-des-spectacles\/\",\"url\":\"https:\/\/standimpro.ch\/particuliers\/extraits-des-spectacles\/\",\"name\":\"Extraits des spectacles -\",\"isPartOf\":{\"@id\":\"https:\/\/standimpro.ch\/particuliers\/#website\"},\"datePublished\":\"2017-08-08T11:01:46+00:00\",\"dateModified\":\"2026-02-11T09:00:29+00:00\",\"breadcrumb\":{\"@id\":\"https:\/\/standimpro.ch\/particuliers\/extraits-des-spectacles\/#breadcrumb\"},\"inLanguage\":\"fr-FR\",\"potentialAction\":[{\"@type\":\"ReadAction\",\"target\":[\"https:\/\/standimpro.ch\/particuliers\/extraits-des-spectacles\/\"]}]},{\"@type\":\"BreadcrumbList\",\"@id\":\"https:\/\/standimpro.ch\/particuliers\/extraits-des-spectacles\/#breadcrumb\",\"itemListElement\":[{\"@type\":\"ListItem\",\"position\":1,\"name\":\"Accueil\",\"item\":\"https:\/\/standimpro.ch\/particuliers\/impro\/\"},{\"@type\":\"ListItem\",\"position\":2,\"name\":\"Extraits des spectacles\"}]},{\"@type\":\"WebSite\",\"@id\":\"https:\/\/standimpro.ch\/particuliers\/#website\",\"url\":\"https:\/\/standimpro.ch\/particuliers\/\",\"name\":\"\",\"description\":\"\",\"potentialAction\":[{\"@type\":\"SearchAction\",\"target\":{\"@type\":\"EntryPoint\",\"urlTemplate\":\"https:\/\/standimpro.ch\/particuliers\/?s={search_term_string}\"},\"query-input\":{\"@type\":\"PropertyValueSpecification\",\"valueRequired\":true,\"valueName\":\"search_term_string\"}}],\"inLanguage\":\"fr-FR\"}]}<\/script>\n<!-- \/ Yoast SEO plugin. -->","yoast_head_json":{"title":"Extraits des spectacles -","robots":{"index":"index","follow":"follow","max-snippet":"max-snippet:-1","max-image-preview":"max-image-preview:large","max-video-preview":"max-video-preview:-1"},"canonical":"https:\/\/standimpro.ch\/particuliers\/extraits-des-spectacles\/","og_locale":"fr_FR","og_type":"article","og_title":"Extraits des spectacles -","og_description":"Video des spectacles \u00ab\u00a0L&rsquo;ECRIVAIN\u00a0\u00bb Contraintes du public: le protagoniste exerce la profession de Boucher? Ca donne quoi un boucher qui doit \u00e9crire ses m\u00e9moires occasionnellement? La r\u00e9ponse dans 5,4,3,2,1&#8230; impro les Com\u00e9diens! https:\/\/standimpro.ch\/particuliers\/wp-content\/uploads\/2023\/01\/7d51c973-b7d7-4d47-b0df-504932d74d0e-1.mp4 HISTOIRE CONSTRUITE Contraintes du public: le premier Com\u00e9dien doit exercer une action sans savoir ce qu&rsquo;il fait tout en s&rsquo;inspirant de la [&hellip;]","og_url":"https:\/\/standimpro.ch\/particuliers\/extraits-des-spectacles\/","article_publisher":"https:\/\/www.facebook.com\/standimpro\/?ref=aymt_homepage_panel","article_modified_time":"2026-02-11T09:00:29+00:00","twitter_misc":{"Dur\u00e9e de lecture estim\u00e9e":"1 minute"},"schema":{"@context":"https:\/\/schema.org","@graph":[{"@type":"WebPage","@id":"https:\/\/standimpro.ch\/particuliers\/extraits-des-spectacles\/","url":"https:\/\/standimpro.ch\/particuliers\/extraits-des-spectacles\/","name":"Extraits des spectacles -","isPartOf":{"@id":"https:\/\/standimpro.ch\/particuliers\/#website"},"datePublished":"2017-08-08T11:01:46+00:00","dateModified":"2026-02-11T09:00:29+00:00","breadcrumb":{"@id":"https:\/\/standimpro.ch\/particuliers\/extraits-des-spectacles\/#breadcrumb"},"inLanguage":"fr-FR","potentialAction":[{"@type":"ReadAction","target":["https:\/\/standimpro.ch\/particuliers\/extraits-des-spectacles\/"]}]},{"@type":"BreadcrumbList","@id":"https:\/\/standimpro.ch\/particuliers\/extraits-des-spectacles\/#breadcrumb","itemListElement":[{"@type":"ListItem","position":1,"name":"Accueil","item":"https:\/\/standimpro.ch\/particuliers\/impro\/"},{"@type":"ListItem","position":2,"name":"Extraits des spectacles"}]},{"@type":"WebSite","@id":"https:\/\/standimpro.ch\/particuliers\/#website","url":"https:\/\/standimpro.ch\/particuliers\/","name":"","description":"","potentialAction":[{"@type":"SearchAction","target":{"@type":"EntryPoint","urlTemplate":"https:\/\/standimpro.ch\/particuliers\/?s={search_term_string}"},"query-input":{"@type":"PropertyValueSpecification","valueRequired":true,"valueName":"search_term_string"}}],"inLanguage":"fr-FR"}]}},"_links":{"self":[{"href":"https:\/\/standimpro.ch\/particuliers\/wp-json\/wp\/v2\/pages\/2489","targetHints":{"allow":["GET"]}}],"collection":[{"href":"https:\/\/standimpro.ch\/particuliers\/wp-json\/wp\/v2\/pages"}],"about":[{"href":"https:\/\/standimpro.ch\/particuliers\/wp-json\/wp\/v2\/types\/page"}],"author":[{"embeddable":true,"href":"https:\/\/standimpro.ch\/particuliers\/wp-json\/wp\/v2\/users\/1"}],"replies":[{"embeddable":true,"href":"https:\/\/standimpro.ch\/particuliers\/wp-json\/wp\/v2\/comments?post=2489"}],"version-history":[{"count":396,"href":"https:\/\/standimpro.ch\/particuliers\/wp-json\/wp\/v2\/pages\/2489\/revisions"}],"predecessor-version":[{"id":10654,"href":"https:\/\/standimpro.ch\/particuliers\/wp-json\/wp\/v2\/pages\/2489\/revisions\/10654"}],"wp:attachment":[{"href":"https:\/\/standimpro.ch\/particuliers\/wp-json\/wp\/v2\/media?parent=2489"}],"curies":[{"name":"wp","href":"https:\/\/api.w.org\/{rel}","templated":true}]}}