{"id":3204,"date":"2018-07-05T09:54:59","date_gmt":"2018-07-05T08:54:59","guid":{"rendered":"https:\/\/standimpro.ch\/particuliers\/?page_id=3204"},"modified":"2022-06-23T09:46:55","modified_gmt":"2022-06-23T08:46:55","slug":"cours-impro-adultes","status":"publish","type":"page","link":"https:\/\/standimpro.ch\/particuliers\/cours-impro-adultes\/","title":{"rendered":"Cours impro adultes"},"content":{"rendered":"\n<style type=\"text\/css\" data-created_by=\"avia_inline_auto\" id=\"style-css-av-av_one_third-79ff81c021393065cee878051452f6a6\">\n.flex_column.av-av_one_third-79ff81c021393065cee878051452f6a6{\nborder-radius:0px 0px 0px 0px;\npadding:0px 0px 0px 0px;\n}\n<\/style>\n<div  class='flex_column av-av_one_third-79ff81c021393065cee878051452f6a6 av_one_third  avia-builder-el-0  el_before_av_one_third  avia-builder-el-first  first flex_column_div av-zero-column-padding  '     ><\/div>\n\n<style type=\"text\/css\" data-created_by=\"avia_inline_auto\" id=\"style-css-av-av_one_third-49f6e875884219cf77c24341e550af53\">\n.flex_column.av-av_one_third-49f6e875884219cf77c24341e550af53{\nborder-radius:0px 0px 0px 0px;\npadding:0px 0px 0px 0px;\n}\n<\/style>\n<div  class='flex_column av-av_one_third-49f6e875884219cf77c24341e550af53 av_one_third  avia-builder-el-1  el_after_av_one_third  el_before_av_heading  flex_column_div av-zero-column-padding  '     ><article  class='iconbox iconbox_top av-l4qs1ekv-9b846068a90fed187965039fe81e065c  avia-builder-el-2  avia-builder-el-no-sibling  main_color'  itemscope=\"itemscope\" itemtype=\"https:\/\/schema.org\/CreativeWork\" ><div class=\"iconbox_content\"><header class=\"entry-content-header\" aria-label=\"Ic\u00f4ne : Disponibilit\u00e9s, horaires et lieu\"><div class='iconbox_icon heading-color avia-iconfont avia-font-entypo-fontello' data-av_icon='\ue81f' data-av_iconfont='entypo-fontello' title=\"Disponibilit\u00e9s, horaires et lieu\" desc=\"Disponibilit\u00e9s, horaires et lieu\" ><\/div><h3 class='iconbox_content_title '  itemprop=\"headline\" ><a href='https:\/\/standimpro.ch\/particuliers\/les-cours-impro-geneve\/' title='Disponibilit\u00e9s, horaires et lieu'  >Disponibilit\u00e9s, horaires et lieu<\/a><\/h3><\/header><div class='iconbox_content_container '  itemprop=\"text\" ><\/div><\/div><footer class=\"entry-footer\"><\/footer><\/article><\/div>\n<style type=\"text\/css\" data-created_by=\"avia_inline_auto\" id=\"style-css-av-av_heading-eecbb5bb0275ac9199766999c536153d\">\n#top .av-special-heading.av-av_heading-eecbb5bb0275ac9199766999c536153d{\npadding-bottom:50px;\n}\nbody .av-special-heading.av-av_heading-eecbb5bb0275ac9199766999c536153d .av-special-heading-tag .heading-char{\nfont-size:25px;\n}\n.av-special-heading.av-av_heading-eecbb5bb0275ac9199766999c536153d .av-subheading{\nfont-size:15px;\n}\n<\/style>\n<div  class='av-special-heading av-av_heading-eecbb5bb0275ac9199766999c536153d av-special-heading-h3  avia-builder-el-3  el_after_av_one_third  el_before_av_one_full '><h3 class='av-special-heading-tag '  itemprop=\"headline\"  >Programme g\u00e9n\u00e9ral d\u2019enseignement<\/h3><div class=\"special-heading-border\"><div class=\"special-heading-inner-border\"><\/div><\/div><\/div><\/p>\n<div  class='flex_column av-ct6v38-096df13ba4d158705b9886c7ec52d484 av_one_full  avia-builder-el-4  el_after_av_heading  el_before_av_one_full  first flex_column_div  '     ><section  class='av_textblock_section av-bguw78-cc2cc068934afb3f4e59fe0835f56ed4 '   itemscope=\"itemscope\" itemtype=\"https:\/\/schema.org\/CreativeWork\" ><div class='avia_textblock'  itemprop=\"text\" ><p><strong>Premi\u00e8re ann\u00e9e:<\/strong><\/p>\n<ul>\n<li>Constitution d&rsquo;un groupe de confiance<\/li>\n<li>Les fondamentaux de l&rsquo;impro: l\u00e2cher prise, leadership (clart\u00e9), \u00e9coute, plaisir<\/li>\n<li>L&rsquo;essentiel de la construction: lieu, personnages, enjeux<\/li>\n<li>Les bases du jeu de com\u00e9dien<\/li>\n<li>Initiation aux cat\u00e9gories des spectacles d&rsquo;impro<\/li>\n<\/ul>\n<p><strong>Deuxi\u00e8me ann\u00e9e:<\/strong><\/p>\n<ul>\n<li>Approfondissement de l\u2019incarnation des personnages (travail sur le Com\u00e9dien)<\/li>\n<li>Pr\u00e9misses de la dramaturgie spontan\u00e9e<\/li>\n<li>Intensification des spectacles<\/li>\n<li>Initiation \u00e0 la mise en sc\u00e8ne spontan\u00e9e et collective<\/li>\n<\/ul>\n<p><strong>Troisi\u00e8me ann\u00e9e:<\/strong><\/p>\n<ul>\n<li>Sp\u00e9cialisation \u00e0 la dramaturgie et l&rsquo;\u00e9criture spontan\u00e9e collective<\/li>\n<li>Dynamique r\u00e9guli\u00e8re des spectacles<\/li>\n<li>Spectacles en petits formats (4 com\u00e9diens)<\/li>\n<li>Ateliers intensifs suppl\u00e9mentaires<\/li>\n<\/ul>\n<\/div><\/section><\/div>\n<div  class='flex_column av-8yid5g-be2c6d3c0ddb75a54112845d88b25438 av_one_full  avia-builder-el-6  el_after_av_one_full  el_before_av_hr  first flex_column_div  column-top-margin'     ><section  class='av_textblock_section av-rt0f8-b72de7bb0335cf386fc69fd0ddef80cc '   itemscope=\"itemscope\" itemtype=\"https:\/\/schema.org\/CreativeWork\" ><div class='avia_textblock'  itemprop=\"text\" ><p><strong><a href=\"https:\/\/standimpro.ch\/particuliers\/les-cours-impro-geneve\/\">CLIQUEZ ICI POUR LES DISPOS<\/a><\/strong><\/p>\n<\/div><\/section><\/div>\n<div  class='hr av-6d38mc-6abe07f900c8de6e366d029dda25b478 hr-default  avia-builder-el-8  el_after_av_one_full  el_before_av_one_full '><span class='hr-inner '><span class=\"hr-inner-style\"><\/span><\/span><\/div>\n<div  class='flex_column av-4179hg-81e98e394fc604e2d51fe5887030bd0c av_one_full  avia-builder-el-9  el_after_av_hr  el_before_av_font_icon  first flex_column_div  '     ><section  class='av_textblock_section av-29jt78-1a71d056e2b8260bd77d778049c6c89d '   itemscope=\"itemscope\" itemtype=\"https:\/\/schema.org\/CreativeWork\" ><div class='avia_textblock'  itemprop=\"text\" ><p><strong>Nous contacter:<\/strong><br \/>\nPar t\u00e9l\u00e9phone: (078) 674 97 90<br \/>\nSi vous avez une demande ou une question n&rsquo;h\u00e9sitez pas \u00e0 nous contacter\u00a0&#8211; <strong>vous pouvez\u00a0remplir le formulaire ci-dessous pour prendre contact<\/strong>.<\/p>\n<p>Nous vous r\u00e9pondrons dans les plus brefs d\u00e9lais.<\/p>\n\n<div class=\"wpcf7 no-js\" id=\"wpcf7-f10-o1\" lang=\"en-US\" dir=\"ltr\" data-wpcf7-id=\"10\">\n<div class=\"screen-reader-response\"><p role=\"status\" aria-live=\"polite\" aria-atomic=\"true\"><\/p> <ul><\/ul><\/div>\n<form action=\"\/particuliers\/wp-json\/wp\/v2\/pages\/3204#wpcf7-f10-o1\" method=\"post\" class=\"wpcf7-form init\" aria-label=\"Contact form\" novalidate=\"novalidate\" data-status=\"init\">\n<fieldset class=\"hidden-fields-container\"><input type=\"hidden\" name=\"_wpcf7\" value=\"10\" \/><input type=\"hidden\" name=\"_wpcf7_version\" value=\"6.1.5\" \/><input type=\"hidden\" name=\"_wpcf7_locale\" value=\"en_US\" \/><input type=\"hidden\" name=\"_wpcf7_unit_tag\" value=\"wpcf7-f10-o1\" \/><input type=\"hidden\" name=\"_wpcf7_container_post\" value=\"0\" \/><input type=\"hidden\" name=\"_wpcf7_posted_data_hash\" value=\"\" \/>\n<\/fieldset>\n<p>Votre nom (obligatoire)\n<\/p>\n<p><span class=\"wpcf7-form-control-wrap\" data-name=\"your-name\"><input size=\"40\" maxlength=\"400\" class=\"wpcf7-form-control wpcf7-text wpcf7-validates-as-required\" aria-required=\"true\" aria-invalid=\"false\" value=\"\" type=\"text\" name=\"your-name\" \/><\/span>\n<\/p>\n<p>Votre email (obligatoire)\n<\/p>\n<p><span class=\"wpcf7-form-control-wrap\" data-name=\"your-email\"><input size=\"40\" maxlength=\"400\" class=\"wpcf7-form-control wpcf7-email wpcf7-validates-as-required wpcf7-text wpcf7-validates-as-email\" aria-required=\"true\" aria-invalid=\"false\" value=\"\" type=\"email\" name=\"your-email\" \/><\/span>\n<\/p>\n<p>Sujet\n<\/p>\n<p><span class=\"wpcf7-form-control-wrap\" data-name=\"your-subject\"><input size=\"40\" maxlength=\"400\" class=\"wpcf7-form-control wpcf7-text\" aria-invalid=\"false\" value=\"\" type=\"text\" name=\"your-subject\" \/><\/span>\n<\/p>\n<p>Votre message\n<\/p>\n<p><span class=\"wpcf7-form-control-wrap\" data-name=\"your-message\"><textarea cols=\"40\" rows=\"10\" maxlength=\"2000\" class=\"wpcf7-form-control wpcf7-textarea\" aria-invalid=\"false\" name=\"your-message\"><\/textarea><\/span>\n<\/p>\n<p><input class=\"wpcf7-form-control wpcf7-submit has-spinner\" type=\"submit\" value=\"Envoyer\" \/>\n<\/p><div class=\"wpcf7-response-output\" aria-hidden=\"true\"><\/div>\n<\/form>\n<\/div>\n\n<\/div><\/section><\/div>\n\n<style type=\"text\/css\" data-created_by=\"avia_inline_auto\" id=\"style-css-av-3o3310-ef2148e1d1074816e4c2f2acf3fcd8bf\">\n.av_font_icon.av-3o3310-ef2148e1d1074816e4c2f2acf3fcd8bf .av-icon-char{\nfont-size:40px;\nline-height:40px;\n}\n<\/style>\n<span  class='av_font_icon av-3o3310-ef2148e1d1074816e4c2f2acf3fcd8bf avia_animate_when_visible av-icon-style- avia-icon-pos-left avia-svg-icon avia-font-svg_entypo-fontello av-no-color avia-icon-animate'><span class='av-icon-char' data-av_svg_icon='' data-av_iconset='svg_entypo-fontello' ><\/span><\/span>\n\n<style type=\"text\/css\" data-created_by=\"avia_inline_auto\" id=\"style-css-av-38mo5w-fb7005ae71051290f2b54af3fec5d5d4\">\n.av_font_icon.av-38mo5w-fb7005ae71051290f2b54af3fec5d5d4 .av-icon-char{\nfont-size:40px;\nline-height:40px;\n}\n<\/style>\n<span  class='av_font_icon av-38mo5w-fb7005ae71051290f2b54af3fec5d5d4 avia_animate_when_visible av-icon-style- avia-icon-pos-left avia-svg-icon avia-font-svg_entypo-fontello av-no-color avia-icon-animate'><span class='av-icon-char' data-av_svg_icon='' data-av_iconset='svg_entypo-fontello' ><\/span><\/span>\n<article  class='iconbox iconbox_left av-2wvsec-6d41cadcbea72a3d47d7a20e45558a29  avia-builder-el-13  el_after_av_font_icon  avia-builder-el-last '  itemscope=\"itemscope\" itemtype=\"https:\/\/schema.org\/CreativeWork\" ><div class=\"iconbox_content\"><header class=\"entry-content-header\" aria-label=\"Ic\u00f4ne : IconBox Title\"><div class='iconbox_icon heading-color avia-svg-icon avia-font-svg_entypo-fontello' data-av_svg_icon='1' data-av_iconset='svg_entypo-fontello' ><\/div><h3 class='iconbox_content_title '  itemprop=\"headline\" >IconBox Title<\/h3><\/header><div class='iconbox_content_container '  itemprop=\"text\" ><p>Click to add your own text here<\/p>\n<\/div><\/div><footer class=\"entry-footer\"><\/footer><\/article>\n<!-- AddThis Advanced Settings generic via filter on the_content --><!-- AddThis Share Buttons generic via filter on the_content -->","protected":false},"excerpt":{"rendered":"<p><!-- AddThis Advanced Settings generic via filter on get_the_excerpt --><!-- AddThis Share Buttons generic via filter on get_the_excerpt --><\/p>\n","protected":false},"author":1,"featured_media":0,"parent":0,"menu_order":0,"comment_status":"closed","ping_status":"closed","template":"","meta":{"footnotes":""},"class_list":["post-3204","page","type-page","status-publish","hentry"],"yoast_head":"<!-- This site is optimized with the Yoast SEO plugin v27.1.1 - https:\/\/yoast.com\/product\/yoast-seo-wordpress\/ -->\n<title>Cours impro adultes -<\/title>\n<meta name=\"robots\" content=\"index, follow, max-snippet:-1, max-image-preview:large, max-video-preview:-1\" \/>\n<link rel=\"canonical\" href=\"https:\/\/standimpro.ch\/particuliers\/cours-impro-adultes\/\" \/>\n<meta property=\"og:locale\" content=\"fr_FR\" \/>\n<meta property=\"og:type\" content=\"article\" \/>\n<meta property=\"og:title\" content=\"Cours impro adultes -\" \/>\n<meta property=\"og:url\" content=\"https:\/\/standimpro.ch\/particuliers\/cours-impro-adultes\/\" \/>\n<meta property=\"article:publisher\" content=\"https:\/\/www.facebook.com\/standimpro\/?ref=aymt_homepage_panel\" \/>\n<meta property=\"article:modified_time\" content=\"2022-06-23T08:46:55+00:00\" \/>\n<meta name=\"twitter:label1\" content=\"Dur\u00e9e de lecture estim\u00e9e\" \/>\n\t<meta name=\"twitter:data1\" content=\"4 minutes\" \/>\n<script type=\"application\/ld+json\" class=\"yoast-schema-graph\">{\"@context\":\"https:\/\/schema.org\",\"@graph\":[{\"@type\":\"WebPage\",\"@id\":\"https:\/\/standimpro.ch\/particuliers\/cours-impro-adultes\/\",\"url\":\"https:\/\/standimpro.ch\/particuliers\/cours-impro-adultes\/\",\"name\":\"Cours impro adultes -\",\"isPartOf\":{\"@id\":\"https:\/\/standimpro.ch\/particuliers\/#website\"},\"datePublished\":\"2018-07-05T08:54:59+00:00\",\"dateModified\":\"2022-06-23T08:46:55+00:00\",\"breadcrumb\":{\"@id\":\"https:\/\/standimpro.ch\/particuliers\/cours-impro-adultes\/#breadcrumb\"},\"inLanguage\":\"fr-FR\",\"potentialAction\":[{\"@type\":\"ReadAction\",\"target\":[\"https:\/\/standimpro.ch\/particuliers\/cours-impro-adultes\/\"]}]},{\"@type\":\"BreadcrumbList\",\"@id\":\"https:\/\/standimpro.ch\/particuliers\/cours-impro-adultes\/#breadcrumb\",\"itemListElement\":[{\"@type\":\"ListItem\",\"position\":1,\"name\":\"Accueil\",\"item\":\"https:\/\/standimpro.ch\/particuliers\/impro\/\"},{\"@type\":\"ListItem\",\"position\":2,\"name\":\"Cours impro adultes\"}]},{\"@type\":\"WebSite\",\"@id\":\"https:\/\/standimpro.ch\/particuliers\/#website\",\"url\":\"https:\/\/standimpro.ch\/particuliers\/\",\"name\":\"\",\"description\":\"\",\"potentialAction\":[{\"@type\":\"SearchAction\",\"target\":{\"@type\":\"EntryPoint\",\"urlTemplate\":\"https:\/\/standimpro.ch\/particuliers\/?s={search_term_string}\"},\"query-input\":{\"@type\":\"PropertyValueSpecification\",\"valueRequired\":true,\"valueName\":\"search_term_string\"}}],\"inLanguage\":\"fr-FR\"}]}<\/script>\n<!-- \/ Yoast SEO plugin. -->","yoast_head_json":{"title":"Cours impro adultes -","robots":{"index":"index","follow":"follow","max-snippet":"max-snippet:-1","max-image-preview":"max-image-preview:large","max-video-preview":"max-video-preview:-1"},"canonical":"https:\/\/standimpro.ch\/particuliers\/cours-impro-adultes\/","og_locale":"fr_FR","og_type":"article","og_title":"Cours impro adultes -","og_url":"https:\/\/standimpro.ch\/particuliers\/cours-impro-adultes\/","article_publisher":"https:\/\/www.facebook.com\/standimpro\/?ref=aymt_homepage_panel","article_modified_time":"2022-06-23T08:46:55+00:00","twitter_misc":{"Dur\u00e9e de lecture estim\u00e9e":"4 minutes"},"schema":{"@context":"https:\/\/schema.org","@graph":[{"@type":"WebPage","@id":"https:\/\/standimpro.ch\/particuliers\/cours-impro-adultes\/","url":"https:\/\/standimpro.ch\/particuliers\/cours-impro-adultes\/","name":"Cours impro adultes -","isPartOf":{"@id":"https:\/\/standimpro.ch\/particuliers\/#website"},"datePublished":"2018-07-05T08:54:59+00:00","dateModified":"2022-06-23T08:46:55+00:00","breadcrumb":{"@id":"https:\/\/standimpro.ch\/particuliers\/cours-impro-adultes\/#breadcrumb"},"inLanguage":"fr-FR","potentialAction":[{"@type":"ReadAction","target":["https:\/\/standimpro.ch\/particuliers\/cours-impro-adultes\/"]}]},{"@type":"BreadcrumbList","@id":"https:\/\/standimpro.ch\/particuliers\/cours-impro-adultes\/#breadcrumb","itemListElement":[{"@type":"ListItem","position":1,"name":"Accueil","item":"https:\/\/standimpro.ch\/particuliers\/impro\/"},{"@type":"ListItem","position":2,"name":"Cours impro adultes"}]},{"@type":"WebSite","@id":"https:\/\/standimpro.ch\/particuliers\/#website","url":"https:\/\/standimpro.ch\/particuliers\/","name":"","description":"","potentialAction":[{"@type":"SearchAction","target":{"@type":"EntryPoint","urlTemplate":"https:\/\/standimpro.ch\/particuliers\/?s={search_term_string}"},"query-input":{"@type":"PropertyValueSpecification","valueRequired":true,"valueName":"search_term_string"}}],"inLanguage":"fr-FR"}]}},"_links":{"self":[{"href":"https:\/\/standimpro.ch\/particuliers\/wp-json\/wp\/v2\/pages\/3204","targetHints":{"allow":["GET"]}}],"collection":[{"href":"https:\/\/standimpro.ch\/particuliers\/wp-json\/wp\/v2\/pages"}],"about":[{"href":"https:\/\/standimpro.ch\/particuliers\/wp-json\/wp\/v2\/types\/page"}],"author":[{"embeddable":true,"href":"https:\/\/standimpro.ch\/particuliers\/wp-json\/wp\/v2\/users\/1"}],"replies":[{"embeddable":true,"href":"https:\/\/standimpro.ch\/particuliers\/wp-json\/wp\/v2\/comments?post=3204"}],"version-history":[{"count":1,"href":"https:\/\/standimpro.ch\/particuliers\/wp-json\/wp\/v2\/pages\/3204\/revisions"}],"predecessor-version":[{"id":7732,"href":"https:\/\/standimpro.ch\/particuliers\/wp-json\/wp\/v2\/pages\/3204\/revisions\/7732"}],"wp:attachment":[{"href":"https:\/\/standimpro.ch\/particuliers\/wp-json\/wp\/v2\/media?parent=3204"}],"curies":[{"name":"wp","href":"https:\/\/api.w.org\/{rel}","templated":true}]}}