{"id":4418,"date":"2020-06-16T18:10:52","date_gmt":"2020-06-16T17:10:52","guid":{"rendered":"https:\/\/standimpro.ch\/particuliers\/?page_id=4418"},"modified":"2026-05-10T09:44:21","modified_gmt":"2026-05-10T08:44:21","slug":"cours-impro-ete","status":"publish","type":"page","link":"https:\/\/standimpro.ch\/particuliers\/cours-impro-ete\/","title":{"rendered":"Cours impro \u00e9t\u00e9"},"content":{"rendered":"\n<style type=\"text\/css\" data-created_by=\"avia_inline_auto\" id=\"style-css-av-2fageq-105d42a84884114e385af7ade973d5ab\">\n#top .av-special-heading.av-2fageq-105d42a84884114e385af7ade973d5ab{\npadding-bottom:50px;\n}\nbody .av-special-heading.av-2fageq-105d42a84884114e385af7ade973d5ab .av-special-heading-tag .heading-char{\nfont-size:25px;\n}\n.av-special-heading.av-2fageq-105d42a84884114e385af7ade973d5ab .av-subheading{\nfont-size:15px;\n}\n<\/style>\n<div  class='av-special-heading av-2fageq-105d42a84884114e385af7ade973d5ab av-special-heading-h3  avia-builder-el-0  el_before_av_one_half  avia-builder-el-first '><h3 class='av-special-heading-tag '  itemprop=\"headline\"  >Les cours d\u2018impro d\u2019\u00e9t\u00e9<\/h3><div class=\"special-heading-border\"><div class=\"special-heading-inner-border\"><\/div><\/div><\/div>\n\n<style type=\"text\/css\" data-created_by=\"avia_inline_auto\" id=\"style-css-av-3yzk1u-39a683f9f54242875bc61eff194ef43c\">\n.flex_column.av-3yzk1u-39a683f9f54242875bc61eff194ef43c{\nborder-radius:0px 0px 0px 0px;\npadding:0px 0px 0px 0px;\n}\n<\/style>\n<div  class='flex_column av-3yzk1u-39a683f9f54242875bc61eff194ef43c av_one_half  avia-builder-el-1  el_after_av_heading  el_before_av_one_half  first flex_column_div av-zero-column-padding  '     ><section  class='av_textblock_section av-kbi6xhnj-b7e6aa6c6cfe6e438c79e1589e93b370 '   itemscope=\"itemscope\" itemtype=\"https:\/\/schema.org\/CreativeWork\" ><div class='avia_textblock'  itemprop=\"text\" ><p><strong>Comment se d\u00e9roulent les cours d&rsquo;\u00e9t\u00e9?<\/strong><br \/>\nUne th\u00e9matique unique est propos\u00e9e lors de chaque atelier, pendant l&rsquo;\u00e9t\u00e9. Elle est \u00e9tablie par le formateur en fonction des participants et de leur exp\u00e9rience en improvisation th\u00e9\u00e2trale allant de d\u00e9couverte, d\u00e9butant, interm\u00e9diaire ou avanc\u00e9e. Les th\u00e8mes abord\u00e9s sont diff\u00e9rents lors de chaque atelier d&rsquo;\u00e9t\u00e9. <\/p>\n<p><strong>A qui s&rsquo;adressent les cours d&rsquo;\u00e9t\u00e9?<\/strong><br \/>\nA toutes les personnes souhaitant d\u00e9couvrir ou pratiquer l&rsquo;improvisation th\u00e9\u00e2trale. Il n&rsquo;est pas n\u00e9cessaire de faire partie de l&rsquo;\u00e9cole Stand&rsquo;Impro car ces ateliers sont aussi adress\u00e9s aux personnes externes.<\/p>\n<p><strong>Comment s&rsquo;inscrire?<\/strong><br \/>\nIl suffit de nous envoyer un email et nous indiquer les cours souhait\u00e9s.<\/p>\n<p><strong>Comment s&rsquo;effectue le payement?<\/strong><br \/>\nLe prix est de 25.- CHF\/atelier. Nous vous envoyons les coordonn\u00e9es bancaires par email pour le r\u00e8glement.<\/p>\n<p><strong>Quel est l&rsquo;esprit du cours?<\/strong><br \/>\nD\u00e9tente et rencontre avec d&rsquo;autres personnes. Pensez \u00e0 rester partager un verre apr\u00e8s l&rsquo;atelier.<\/p>\n<p><strong>Qui sont les intervenants<\/strong><br \/>\nAndreas Ventouras, Fondateur Stand&rsquo;Impro<br \/>\nC\u00e9cile Bellet, Formatrice Stand&rsquo;Impro<br \/>\nYoav Hougui, Formateur Stand&rsquo;Impro<\/p>\n<p><strong>O\u00f9 se d\u00e9roulent les ateliers d&rsquo;\u00e9t\u00e9?<\/strong><br \/>\nEn ext\u00e9rieur si les conditions le permettent dans le parc Mon Repos dans un endroit au calme. Si la m\u00e9t\u00e9o ne le permet pas, dans notre salle de cours, \u00e0 l&rsquo;Espace Quartier du Secheron, Rue Anne-Torcapel 2. <\/p>\n<p><strong>Conditions?<\/strong><br \/>\nLes inscriptions pour une date sp\u00e9cifique ne peuvent pas \u00eatre report\u00e9es pendant les mois d&rsquo;\u00e9t\u00e9. <\/p>\n<\/div><\/section><\/div>\n<style type=\"text\/css\" data-created_by=\"avia_inline_auto\" id=\"style-css-av-2es0tu-f6c876631130139fff64db6e1bf6abb5\">\n.flex_column.av-2es0tu-f6c876631130139fff64db6e1bf6abb5{\nborder-radius:0px 0px 0px 0px;\npadding:0px 0px 0px 0px;\n}\n<\/style>\n<div  class='flex_column av-2es0tu-f6c876631130139fff64db6e1bf6abb5 av_one_half  avia-builder-el-3  el_after_av_one_half  el_before_av_hr  flex_column_div av-zero-column-padding  '     ><p><section  class='av_textblock_section av-kbi6p7dd-d77d56085a0e92553a68e6a658a42097 '   itemscope=\"itemscope\" itemtype=\"https:\/\/schema.org\/CreativeWork\" ><div class='avia_textblock'  itemprop=\"text\" ><p><a href=\"https:\/\/standimpro.ch\/particuliers\/wp-content\/uploads\/2017\/06\/AXX03.jpg\"><img fetchpriority=\"high\" decoding=\"async\" class=\"size-full wp-image-2394 aligncenter\" src=\"https:\/\/standimpro.ch\/particuliers\/wp-content\/uploads\/2017\/06\/AXX03.jpg\" alt=\"\" width=\"400\" height=\"178\" srcset=\"https:\/\/standimpro.ch\/particuliers\/wp-content\/uploads\/2017\/06\/AXX03.jpg 400w, https:\/\/standimpro.ch\/particuliers\/wp-content\/uploads\/2017\/06\/AXX03-300x134.jpg 300w\" sizes=\"(max-width: 400px) 100vw, 400px\" \/><\/a><\/p>\n<\/div><\/section><br \/>\n<article  class='iconbox iconbox_top av-kbj92ofe-a35a48c77f0b8511e6af9ea0feba30c7  avia-builder-el-5  el_after_av_textblock  avia-builder-el-last  main_color'  itemscope=\"itemscope\" itemtype=\"https:\/\/schema.org\/CreativeWork\" ><div class=\"iconbox_content\"><header class=\"entry-content-header\" aria-label=\"Ic\u00f4ne : Dates, lieu et disponibilit\u00e9s\"><div class='iconbox_icon heading-color avia-iconfont avia-font-entypo-fontello' data-av_icon='\ue81f' data-av_iconfont='entypo-fontello' title=\"Dates, lieu et disponibilit\u00e9s\" desc=\"Dates, lieu et disponibilit\u00e9s\" ><\/div><h3 class='iconbox_content_title '  itemprop=\"headline\" ><a href='https:\/\/standimpro.ch\/particuliers\/les-cours-impro-geneve\/' title='Dates, lieu et disponibilit\u00e9s'  >Dates, lieu et disponibilit\u00e9s<\/a><\/h3><\/header><div class='iconbox_content_container '  itemprop=\"text\" ><\/div><\/div><footer class=\"entry-footer\"><\/footer><\/article><\/p><\/div><\/p>\n<div  class='hr av-3q5p5e-cc031ab26afdc67e495f8bc5bc6acd55 hr-default  avia-builder-el-6  el_after_av_one_half  el_before_av_one_full '><span class='hr-inner '><span class=\"hr-inner-style\"><\/span><\/span><\/div>\n\n<style type=\"text\/css\" data-created_by=\"avia_inline_auto\" id=\"style-css-av-24zfxe-016f3c9b8a2b06bf69534c5b58557d45\">\n.flex_column.av-24zfxe-016f3c9b8a2b06bf69534c5b58557d45{\nborder-radius:0px 0px 0px 0px;\npadding:0px 0px 0px 0px;\n}\n<\/style>\n<div  class='flex_column av-24zfxe-016f3c9b8a2b06bf69534c5b58557d45 av_one_full  avia-builder-el-7  el_after_av_hr  avia-builder-el-last  first flex_column_div av-zero-column-padding  '     ><section  class='av_textblock_section av-kbi6nheb-60e9c90dc9b4422735e465671f5be7f5 '   itemscope=\"itemscope\" itemtype=\"https:\/\/schema.org\/CreativeWork\" ><div class='avia_textblock'  itemprop=\"text\" ><p><strong>Nous contacter:<\/strong><br \/>\nPar t\u00e9l\u00e9phone: (078) 674 97 90<br \/>\nSi vous avez une demande ou une question n&rsquo;h\u00e9sitez pas \u00e0 nous contacter\u00a0&#8211; <strong>vous pouvez\u00a0remplir le formulaire ci-dessous pour prendre contact<\/strong>.<\/p>\n<p>Nous vous r\u00e9pondrons dans les plus brefs d\u00e9lais.<\/p>\n\n<div class=\"wpcf7 no-js\" id=\"wpcf7-f10-o1\" lang=\"en-US\" dir=\"ltr\" data-wpcf7-id=\"10\">\n<div class=\"screen-reader-response\"><p role=\"status\" aria-live=\"polite\" aria-atomic=\"true\"><\/p> <ul><\/ul><\/div>\n<form action=\"\/particuliers\/wp-json\/wp\/v2\/pages\/4418#wpcf7-f10-o1\" method=\"post\" class=\"wpcf7-form init\" aria-label=\"Contact form\" novalidate=\"novalidate\" data-status=\"init\">\n<fieldset class=\"hidden-fields-container\"><input type=\"hidden\" name=\"_wpcf7\" value=\"10\" \/><input type=\"hidden\" name=\"_wpcf7_version\" value=\"6.1.5\" \/><input type=\"hidden\" name=\"_wpcf7_locale\" value=\"en_US\" \/><input type=\"hidden\" name=\"_wpcf7_unit_tag\" value=\"wpcf7-f10-o1\" \/><input type=\"hidden\" name=\"_wpcf7_container_post\" value=\"0\" \/><input type=\"hidden\" name=\"_wpcf7_posted_data_hash\" value=\"\" \/>\n<\/fieldset>\n<p>Votre nom (obligatoire)\n<\/p>\n<p><span class=\"wpcf7-form-control-wrap\" data-name=\"your-name\"><input size=\"40\" maxlength=\"400\" class=\"wpcf7-form-control wpcf7-text wpcf7-validates-as-required\" aria-required=\"true\" aria-invalid=\"false\" value=\"\" type=\"text\" name=\"your-name\" \/><\/span>\n<\/p>\n<p>Votre email (obligatoire)\n<\/p>\n<p><span class=\"wpcf7-form-control-wrap\" data-name=\"your-email\"><input size=\"40\" maxlength=\"400\" class=\"wpcf7-form-control wpcf7-email wpcf7-validates-as-required wpcf7-text wpcf7-validates-as-email\" aria-required=\"true\" aria-invalid=\"false\" value=\"\" type=\"email\" name=\"your-email\" \/><\/span>\n<\/p>\n<p>Sujet\n<\/p>\n<p><span class=\"wpcf7-form-control-wrap\" data-name=\"your-subject\"><input size=\"40\" maxlength=\"400\" class=\"wpcf7-form-control wpcf7-text\" aria-invalid=\"false\" value=\"\" type=\"text\" name=\"your-subject\" \/><\/span>\n<\/p>\n<p>Votre message\n<\/p>\n<p><span class=\"wpcf7-form-control-wrap\" data-name=\"your-message\"><textarea cols=\"40\" rows=\"10\" maxlength=\"2000\" class=\"wpcf7-form-control wpcf7-textarea\" aria-invalid=\"false\" name=\"your-message\"><\/textarea><\/span>\n<\/p>\n<p><input class=\"wpcf7-form-control wpcf7-submit has-spinner\" type=\"submit\" value=\"Envoyer\" \/>\n<\/p><div class=\"wpcf7-response-output\" aria-hidden=\"true\"><\/div>\n<\/form>\n<\/div>\n\n<\/div><\/section><\/div>\n<!-- AddThis Advanced Settings generic via filter on the_content --><!-- AddThis Share Buttons generic via filter on the_content -->","protected":false},"excerpt":{"rendered":"<p><!-- AddThis Advanced Settings generic via filter on get_the_excerpt --><!-- AddThis Share Buttons generic via filter on get_the_excerpt --><\/p>\n","protected":false},"author":1,"featured_media":0,"parent":0,"menu_order":0,"comment_status":"closed","ping_status":"closed","template":"","meta":{"footnotes":""},"class_list":["post-4418","page","type-page","status-publish","hentry"],"yoast_head":"<!-- This site is optimized with the Yoast SEO plugin v27.1.1 - https:\/\/yoast.com\/product\/yoast-seo-wordpress\/ -->\n<title>Cours impro \u00e9t\u00e9 -<\/title>\n<meta name=\"robots\" content=\"index, follow, max-snippet:-1, max-image-preview:large, max-video-preview:-1\" \/>\n<link rel=\"canonical\" href=\"https:\/\/standimpro.ch\/particuliers\/cours-impro-ete\/\" \/>\n<meta property=\"og:locale\" content=\"fr_FR\" \/>\n<meta property=\"og:type\" content=\"article\" \/>\n<meta property=\"og:title\" content=\"Cours impro \u00e9t\u00e9 -\" \/>\n<meta property=\"og:url\" content=\"https:\/\/standimpro.ch\/particuliers\/cours-impro-ete\/\" \/>\n<meta property=\"article:publisher\" content=\"https:\/\/www.facebook.com\/standimpro\/?ref=aymt_homepage_panel\" \/>\n<meta property=\"article:modified_time\" content=\"2026-05-10T08:44:21+00:00\" \/>\n<meta property=\"og:image\" content=\"https:\/\/standimpro.ch\/particuliers\/wp-content\/uploads\/2017\/06\/AXX03.jpg\" \/>\n\t<meta property=\"og:image:width\" content=\"400\" \/>\n\t<meta property=\"og:image:height\" content=\"178\" \/>\n\t<meta property=\"og:image:type\" content=\"image\/jpeg\" \/>\n<meta name=\"twitter:label1\" content=\"Dur\u00e9e de lecture estim\u00e9e\" \/>\n\t<meta name=\"twitter:data1\" content=\"3 minutes\" \/>\n<script type=\"application\/ld+json\" class=\"yoast-schema-graph\">{\"@context\":\"https:\/\/schema.org\",\"@graph\":[{\"@type\":\"WebPage\",\"@id\":\"https:\/\/standimpro.ch\/particuliers\/cours-impro-ete\/\",\"url\":\"https:\/\/standimpro.ch\/particuliers\/cours-impro-ete\/\",\"name\":\"Cours impro \u00e9t\u00e9 -\",\"isPartOf\":{\"@id\":\"https:\/\/standimpro.ch\/particuliers\/#website\"},\"primaryImageOfPage\":{\"@id\":\"https:\/\/standimpro.ch\/particuliers\/cours-impro-ete\/#primaryimage\"},\"image\":{\"@id\":\"https:\/\/standimpro.ch\/particuliers\/cours-impro-ete\/#primaryimage\"},\"thumbnailUrl\":\"https:\/\/standimpro.ch\/particuliers\/wp-content\/uploads\/2017\/06\/AXX03.jpg\",\"datePublished\":\"2020-06-16T17:10:52+00:00\",\"dateModified\":\"2026-05-10T08:44:21+00:00\",\"breadcrumb\":{\"@id\":\"https:\/\/standimpro.ch\/particuliers\/cours-impro-ete\/#breadcrumb\"},\"inLanguage\":\"fr-FR\",\"potentialAction\":[{\"@type\":\"ReadAction\",\"target\":[\"https:\/\/standimpro.ch\/particuliers\/cours-impro-ete\/\"]}]},{\"@type\":\"ImageObject\",\"inLanguage\":\"fr-FR\",\"@id\":\"https:\/\/standimpro.ch\/particuliers\/cours-impro-ete\/#primaryimage\",\"url\":\"https:\/\/standimpro.ch\/particuliers\/wp-content\/uploads\/2017\/06\/AXX03.jpg\",\"contentUrl\":\"https:\/\/standimpro.ch\/particuliers\/wp-content\/uploads\/2017\/06\/AXX03.jpg\"},{\"@type\":\"BreadcrumbList\",\"@id\":\"https:\/\/standimpro.ch\/particuliers\/cours-impro-ete\/#breadcrumb\",\"itemListElement\":[{\"@type\":\"ListItem\",\"position\":1,\"name\":\"Accueil\",\"item\":\"https:\/\/standimpro.ch\/particuliers\/impro\/\"},{\"@type\":\"ListItem\",\"position\":2,\"name\":\"Cours impro \u00e9t\u00e9\"}]},{\"@type\":\"WebSite\",\"@id\":\"https:\/\/standimpro.ch\/particuliers\/#website\",\"url\":\"https:\/\/standimpro.ch\/particuliers\/\",\"name\":\"\",\"description\":\"\",\"potentialAction\":[{\"@type\":\"SearchAction\",\"target\":{\"@type\":\"EntryPoint\",\"urlTemplate\":\"https:\/\/standimpro.ch\/particuliers\/?s={search_term_string}\"},\"query-input\":{\"@type\":\"PropertyValueSpecification\",\"valueRequired\":true,\"valueName\":\"search_term_string\"}}],\"inLanguage\":\"fr-FR\"}]}<\/script>\n<!-- \/ Yoast SEO plugin. -->","yoast_head_json":{"title":"Cours impro \u00e9t\u00e9 -","robots":{"index":"index","follow":"follow","max-snippet":"max-snippet:-1","max-image-preview":"max-image-preview:large","max-video-preview":"max-video-preview:-1"},"canonical":"https:\/\/standimpro.ch\/particuliers\/cours-impro-ete\/","og_locale":"fr_FR","og_type":"article","og_title":"Cours impro \u00e9t\u00e9 -","og_url":"https:\/\/standimpro.ch\/particuliers\/cours-impro-ete\/","article_publisher":"https:\/\/www.facebook.com\/standimpro\/?ref=aymt_homepage_panel","article_modified_time":"2026-05-10T08:44:21+00:00","og_image":[{"width":400,"height":178,"url":"https:\/\/standimpro.ch\/particuliers\/wp-content\/uploads\/2017\/06\/AXX03.jpg","type":"image\/jpeg"}],"twitter_misc":{"Dur\u00e9e de lecture estim\u00e9e":"3 minutes"},"schema":{"@context":"https:\/\/schema.org","@graph":[{"@type":"WebPage","@id":"https:\/\/standimpro.ch\/particuliers\/cours-impro-ete\/","url":"https:\/\/standimpro.ch\/particuliers\/cours-impro-ete\/","name":"Cours impro \u00e9t\u00e9 -","isPartOf":{"@id":"https:\/\/standimpro.ch\/particuliers\/#website"},"primaryImageOfPage":{"@id":"https:\/\/standimpro.ch\/particuliers\/cours-impro-ete\/#primaryimage"},"image":{"@id":"https:\/\/standimpro.ch\/particuliers\/cours-impro-ete\/#primaryimage"},"thumbnailUrl":"https:\/\/standimpro.ch\/particuliers\/wp-content\/uploads\/2017\/06\/AXX03.jpg","datePublished":"2020-06-16T17:10:52+00:00","dateModified":"2026-05-10T08:44:21+00:00","breadcrumb":{"@id":"https:\/\/standimpro.ch\/particuliers\/cours-impro-ete\/#breadcrumb"},"inLanguage":"fr-FR","potentialAction":[{"@type":"ReadAction","target":["https:\/\/standimpro.ch\/particuliers\/cours-impro-ete\/"]}]},{"@type":"ImageObject","inLanguage":"fr-FR","@id":"https:\/\/standimpro.ch\/particuliers\/cours-impro-ete\/#primaryimage","url":"https:\/\/standimpro.ch\/particuliers\/wp-content\/uploads\/2017\/06\/AXX03.jpg","contentUrl":"https:\/\/standimpro.ch\/particuliers\/wp-content\/uploads\/2017\/06\/AXX03.jpg"},{"@type":"BreadcrumbList","@id":"https:\/\/standimpro.ch\/particuliers\/cours-impro-ete\/#breadcrumb","itemListElement":[{"@type":"ListItem","position":1,"name":"Accueil","item":"https:\/\/standimpro.ch\/particuliers\/impro\/"},{"@type":"ListItem","position":2,"name":"Cours impro \u00e9t\u00e9"}]},{"@type":"WebSite","@id":"https:\/\/standimpro.ch\/particuliers\/#website","url":"https:\/\/standimpro.ch\/particuliers\/","name":"","description":"","potentialAction":[{"@type":"SearchAction","target":{"@type":"EntryPoint","urlTemplate":"https:\/\/standimpro.ch\/particuliers\/?s={search_term_string}"},"query-input":{"@type":"PropertyValueSpecification","valueRequired":true,"valueName":"search_term_string"}}],"inLanguage":"fr-FR"}]}},"_links":{"self":[{"href":"https:\/\/standimpro.ch\/particuliers\/wp-json\/wp\/v2\/pages\/4418","targetHints":{"allow":["GET"]}}],"collection":[{"href":"https:\/\/standimpro.ch\/particuliers\/wp-json\/wp\/v2\/pages"}],"about":[{"href":"https:\/\/standimpro.ch\/particuliers\/wp-json\/wp\/v2\/types\/page"}],"author":[{"embeddable":true,"href":"https:\/\/standimpro.ch\/particuliers\/wp-json\/wp\/v2\/users\/1"}],"replies":[{"embeddable":true,"href":"https:\/\/standimpro.ch\/particuliers\/wp-json\/wp\/v2\/comments?post=4418"}],"version-history":[{"count":13,"href":"https:\/\/standimpro.ch\/particuliers\/wp-json\/wp\/v2\/pages\/4418\/revisions"}],"predecessor-version":[{"id":8119,"href":"https:\/\/standimpro.ch\/particuliers\/wp-json\/wp\/v2\/pages\/4418\/revisions\/8119"}],"wp:attachment":[{"href":"https:\/\/standimpro.ch\/particuliers\/wp-json\/wp\/v2\/media?parent=4418"}],"curies":[{"name":"wp","href":"https:\/\/api.w.org\/{rel}","templated":true}]}}