{"id":47,"date":"2013-04-06T14:24:39","date_gmt":"2013-04-06T12:24:39","guid":{"rendered":"http:\/\/standimpro.ch\/?page_id=47"},"modified":"2024-06-04T10:05:26","modified_gmt":"2024-06-04T09:05:26","slug":"prof-impro","status":"publish","type":"page","link":"https:\/\/standimpro.ch\/particuliers\/prof-impro\/","title":{"rendered":"Qui sommes-nous?"},"content":{"rendered":"\t\t<div data-elementor-type=\"wp-page\" data-elementor-id=\"47\" class=\"elementor elementor-47\" data-elementor-post-type=\"page\">\n\t\t\t\t\t\t<section class=\"elementor-section elementor-top-section elementor-element elementor-element-74d8ce49 elementor-section-boxed elementor-section-height-default elementor-section-height-default\" data-id=\"74d8ce49\" data-element_type=\"section\" data-e-type=\"section\">\n\t\t\t\t\t\t<div class=\"elementor-container elementor-column-gap-default\">\n\t\t\t\t\t<div class=\"elementor-column elementor-col-100 elementor-top-column elementor-element elementor-element-7385687b\" data-id=\"7385687b\" data-element_type=\"column\" data-e-type=\"column\">\n\t\t\t<div class=\"elementor-widget-wrap elementor-element-populated\">\n\t\t\t\t\t\t<div class=\"elementor-element elementor-element-b736cd6 elementor-widget elementor-widget-image\" data-id=\"b736cd6\" data-element_type=\"widget\" data-e-type=\"widget\" data-widget_type=\"image.default\">\n\t\t\t\t<div class=\"elementor-widget-container\">\n\t\t\t\t\t\t\t\t\t\t\t\t\t\t\t<img fetchpriority=\"high\" decoding=\"async\" width=\"1024\" height=\"561\" src=\"https:\/\/standimpro.ch\/particuliers\/wp-content\/uploads\/2023\/08\/Troupe-Chat.jpg\" class=\"attachment-large size-large wp-image-6592\" alt=\"\" srcset=\"https:\/\/standimpro.ch\/particuliers\/wp-content\/uploads\/2023\/08\/Troupe-Chat.jpg 1024w, https:\/\/standimpro.ch\/particuliers\/wp-content\/uploads\/2023\/08\/Troupe-Chat-300x164.jpg 300w, https:\/\/standimpro.ch\/particuliers\/wp-content\/uploads\/2023\/08\/Troupe-Chat-768x421.jpg 768w, https:\/\/standimpro.ch\/particuliers\/wp-content\/uploads\/2023\/08\/Troupe-Chat-705x386.jpg 705w\" sizes=\"(max-width: 1024px) 100vw, 1024px\" \/>\t\t\t\t\t\t\t\t\t\t\t\t\t\t\t<\/div>\n\t\t\t\t<\/div>\n\t\t\t\t<div class=\"elementor-element elementor-element-7c26fbd elementor-widget elementor-widget-spacer\" data-id=\"7c26fbd\" data-element_type=\"widget\" data-e-type=\"widget\" data-widget_type=\"spacer.default\">\n\t\t\t\t<div class=\"elementor-widget-container\">\n\t\t\t\t\t\t\t<div class=\"elementor-spacer\">\n\t\t\t<div class=\"elementor-spacer-inner\"><\/div>\n\t\t<\/div>\n\t\t\t\t\t\t<\/div>\n\t\t\t\t<\/div>\n\t\t\t\t<div class=\"elementor-element elementor-element-e3e3ac1 elementor-widget elementor-widget-heading\" data-id=\"e3e3ac1\" data-element_type=\"widget\" data-e-type=\"widget\" data-widget_type=\"heading.default\">\n\t\t\t\t<div class=\"elementor-widget-container\">\n\t\t\t\t\t<h3 class=\"elementor-heading-title elementor-size-default\">Bienvenu dans le monde de l'improvisation th\u00e9\u00e2trale!<\/h3>\t\t\t\t<\/div>\n\t\t\t\t<\/div>\n\t\t\t\t<div class=\"elementor-element elementor-element-686b307 elementor-widget elementor-widget-heading\" data-id=\"686b307\" data-element_type=\"widget\" data-e-type=\"widget\" data-widget_type=\"heading.default\">\n\t\t\t\t<div class=\"elementor-widget-container\">\n\t\t\t\t\t<h6 class=\"elementor-heading-title elementor-size-default\"><br><p style=\"font-style: normal;font-weight: 400;font-size: 13px;, sans-serif\">Bienvenu dans le monde de l'improvisation th\u00e9\u00e2trale!<\/p><p style=\"font-style: normal;font-weight: 400;font-size: 13px;, sans-serif\"><br class=\"avia-permanent-lb\">Vous aimez les histoires d\u00e9cal\u00e9es, les personnages rocambolesques? Rire, vibrer, hurler dans une salle de spectacle? Ne cherchez plus, vous \u00eates au bon endroit.<br><br class=\"avia-permanent-lb\"><\/p><p style=\"font-style: normal;font-weight: 400;font-size: 13px;, sans-serif\">Notre trouve vous livre un spectacle m\u00e9morable tous les derniers jeudis du mois au Chat Noir de Carouge: le Stand'Impro Show. Depuis la com\u00e9die musicale improvis\u00e9e, des personnages s'activant \u00e0 une vitesse vertigineuse en passant par des histoires construites qui se d\u00e9veloppent sous vos yeux.<br><br class=\"avia-permanent-lb\"><\/p><p style=\"font-style: normal;font-weight: 400;font-size: 13px;, sans-serif\">On vous dit \u00e0 bient\u00f4t<br><\/p><span style=\", sans-serif;font-size: 13px;font-style: normal;font-weight: 400\">La Troupe Stand'Impro<\/span><\/h6>\t\t\t\t<\/div>\n\t\t\t\t<\/div>\n\t\t\t\t\t<\/div>\n\t\t<\/div>\n\t\t\t\t\t<\/div>\n\t\t<\/section>\n\t\t\t\t<\/div>\n\t\t<!-- AddThis Advanced Settings generic via filter on the_content --><!-- AddThis Share Buttons generic via filter on the_content -->","protected":false},"excerpt":{"rendered":"<p>Bienvenu dans le monde de l&rsquo;improvisation th\u00e9\u00e2trale! Bienvenu dans le monde de l&rsquo;improvisation th\u00e9\u00e2trale! Vous aimez les histoires d\u00e9cal\u00e9es, les personnages rocambolesques? Rire, vibrer, hurler dans une salle de spectacle? Ne cherchez plus, vous \u00eates au bon endroit. Notre trouve vous livre un spectacle m\u00e9morable tous les derniers jeudis du mois au Chat Noir de [&hellip;]<!-- AddThis Advanced Settings generic via filter on get_the_excerpt --><!-- AddThis Share Buttons generic via filter on get_the_excerpt --><\/p>\n","protected":false},"author":1,"featured_media":0,"parent":0,"menu_order":0,"comment_status":"open","ping_status":"closed","template":"","meta":{"footnotes":""},"class_list":["post-47","page","type-page","status-publish","hentry"],"yoast_head":"<!-- This site is optimized with the Yoast SEO plugin v27.1.1 - https:\/\/yoast.com\/product\/yoast-seo-wordpress\/ -->\n<title>Formateur d&#039;improvisation th\u00e9\u00e2trale \u00e0 Gen\u00e8ve Andreas Ventouras - Intervenant Formateur Professionnel \u00e0 Gen\u00e8ve pour l&#039;impro<\/title>\n<meta name=\"description\" content=\"Formateur professionnel reconnu par l&#039;Etat de Gen\u00e8ve\" \/>\n<meta name=\"robots\" content=\"index, follow, max-snippet:-1, max-image-preview:large, max-video-preview:-1\" \/>\n<link rel=\"canonical\" href=\"https:\/\/standimpro.ch\/particuliers\/prof-impro\/\" \/>\n<meta property=\"og:locale\" content=\"fr_FR\" \/>\n<meta property=\"og:type\" content=\"article\" \/>\n<meta property=\"og:title\" content=\"Formateur d&#039;improvisation th\u00e9\u00e2trale \u00e0 Gen\u00e8ve Andreas Ventouras - Intervenant Formateur Professionnel \u00e0 Gen\u00e8ve pour l&#039;impro\" \/>\n<meta property=\"og:description\" content=\"Formateur professionnel reconnu par l&#039;Etat de Gen\u00e8ve\" \/>\n<meta property=\"og:url\" content=\"https:\/\/standimpro.ch\/particuliers\/prof-impro\/\" \/>\n<meta property=\"article:publisher\" content=\"https:\/\/www.facebook.com\/standimpro\/?ref=aymt_homepage_panel\" \/>\n<meta property=\"article:modified_time\" content=\"2024-06-04T09:05:26+00:00\" \/>\n<meta property=\"og:image\" content=\"https:\/\/standimpro.ch\/particuliers\/wp-content\/uploads\/2023\/08\/Troupe-Chat.jpg\" \/>\n<script type=\"application\/ld+json\" class=\"yoast-schema-graph\">{\"@context\":\"https:\/\/schema.org\",\"@graph\":[{\"@type\":\"WebPage\",\"@id\":\"https:\/\/standimpro.ch\/particuliers\/prof-impro\/\",\"url\":\"https:\/\/standimpro.ch\/particuliers\/prof-impro\/\",\"name\":\"Formateur d'improvisation th\u00e9\u00e2trale \u00e0 Gen\u00e8ve Andreas Ventouras - Intervenant Formateur Professionnel \u00e0 Gen\u00e8ve pour l'impro\",\"isPartOf\":{\"@id\":\"https:\/\/standimpro.ch\/particuliers\/#website\"},\"primaryImageOfPage\":{\"@id\":\"https:\/\/standimpro.ch\/particuliers\/prof-impro\/#primaryimage\"},\"image\":{\"@id\":\"https:\/\/standimpro.ch\/particuliers\/prof-impro\/#primaryimage\"},\"thumbnailUrl\":\"https:\/\/standimpro.ch\/particuliers\/wp-content\/uploads\/2023\/08\/Troupe-Chat.jpg\",\"datePublished\":\"2013-04-06T12:24:39+00:00\",\"dateModified\":\"2024-06-04T09:05:26+00:00\",\"description\":\"Formateur professionnel reconnu par l'Etat de Gen\u00e8ve\",\"breadcrumb\":{\"@id\":\"https:\/\/standimpro.ch\/particuliers\/prof-impro\/#breadcrumb\"},\"inLanguage\":\"fr-FR\",\"potentialAction\":[{\"@type\":\"ReadAction\",\"target\":[\"https:\/\/standimpro.ch\/particuliers\/prof-impro\/\"]}]},{\"@type\":\"ImageObject\",\"inLanguage\":\"fr-FR\",\"@id\":\"https:\/\/standimpro.ch\/particuliers\/prof-impro\/#primaryimage\",\"url\":\"https:\/\/standimpro.ch\/particuliers\/wp-content\/uploads\/2023\/08\/Troupe-Chat.jpg\",\"contentUrl\":\"https:\/\/standimpro.ch\/particuliers\/wp-content\/uploads\/2023\/08\/Troupe-Chat.jpg\",\"width\":1024,\"height\":561},{\"@type\":\"BreadcrumbList\",\"@id\":\"https:\/\/standimpro.ch\/particuliers\/prof-impro\/#breadcrumb\",\"itemListElement\":[{\"@type\":\"ListItem\",\"position\":1,\"name\":\"Accueil\",\"item\":\"https:\/\/standimpro.ch\/particuliers\/impro\/\"},{\"@type\":\"ListItem\",\"position\":2,\"name\":\"Qui sommes-nous?\"}]},{\"@type\":\"WebSite\",\"@id\":\"https:\/\/standimpro.ch\/particuliers\/#website\",\"url\":\"https:\/\/standimpro.ch\/particuliers\/\",\"name\":\"\",\"description\":\"\",\"potentialAction\":[{\"@type\":\"SearchAction\",\"target\":{\"@type\":\"EntryPoint\",\"urlTemplate\":\"https:\/\/standimpro.ch\/particuliers\/?s={search_term_string}\"},\"query-input\":{\"@type\":\"PropertyValueSpecification\",\"valueRequired\":true,\"valueName\":\"search_term_string\"}}],\"inLanguage\":\"fr-FR\"}]}<\/script>\n<!-- \/ Yoast SEO plugin. -->","yoast_head_json":{"title":"Formateur d'improvisation th\u00e9\u00e2trale \u00e0 Gen\u00e8ve Andreas Ventouras - Intervenant Formateur Professionnel \u00e0 Gen\u00e8ve pour l'impro","description":"Formateur professionnel reconnu par l'Etat de Gen\u00e8ve","robots":{"index":"index","follow":"follow","max-snippet":"max-snippet:-1","max-image-preview":"max-image-preview:large","max-video-preview":"max-video-preview:-1"},"canonical":"https:\/\/standimpro.ch\/particuliers\/prof-impro\/","og_locale":"fr_FR","og_type":"article","og_title":"Formateur d'improvisation th\u00e9\u00e2trale \u00e0 Gen\u00e8ve Andreas Ventouras - Intervenant Formateur Professionnel \u00e0 Gen\u00e8ve pour l'impro","og_description":"Formateur professionnel reconnu par l'Etat de Gen\u00e8ve","og_url":"https:\/\/standimpro.ch\/particuliers\/prof-impro\/","article_publisher":"https:\/\/www.facebook.com\/standimpro\/?ref=aymt_homepage_panel","article_modified_time":"2024-06-04T09:05:26+00:00","og_image":[{"url":"https:\/\/standimpro.ch\/particuliers\/wp-content\/uploads\/2023\/08\/Troupe-Chat.jpg","type":"","width":"","height":""}],"schema":{"@context":"https:\/\/schema.org","@graph":[{"@type":"WebPage","@id":"https:\/\/standimpro.ch\/particuliers\/prof-impro\/","url":"https:\/\/standimpro.ch\/particuliers\/prof-impro\/","name":"Formateur d'improvisation th\u00e9\u00e2trale \u00e0 Gen\u00e8ve Andreas Ventouras - Intervenant Formateur Professionnel \u00e0 Gen\u00e8ve pour l'impro","isPartOf":{"@id":"https:\/\/standimpro.ch\/particuliers\/#website"},"primaryImageOfPage":{"@id":"https:\/\/standimpro.ch\/particuliers\/prof-impro\/#primaryimage"},"image":{"@id":"https:\/\/standimpro.ch\/particuliers\/prof-impro\/#primaryimage"},"thumbnailUrl":"https:\/\/standimpro.ch\/particuliers\/wp-content\/uploads\/2023\/08\/Troupe-Chat.jpg","datePublished":"2013-04-06T12:24:39+00:00","dateModified":"2024-06-04T09:05:26+00:00","description":"Formateur professionnel reconnu par l'Etat de Gen\u00e8ve","breadcrumb":{"@id":"https:\/\/standimpro.ch\/particuliers\/prof-impro\/#breadcrumb"},"inLanguage":"fr-FR","potentialAction":[{"@type":"ReadAction","target":["https:\/\/standimpro.ch\/particuliers\/prof-impro\/"]}]},{"@type":"ImageObject","inLanguage":"fr-FR","@id":"https:\/\/standimpro.ch\/particuliers\/prof-impro\/#primaryimage","url":"https:\/\/standimpro.ch\/particuliers\/wp-content\/uploads\/2023\/08\/Troupe-Chat.jpg","contentUrl":"https:\/\/standimpro.ch\/particuliers\/wp-content\/uploads\/2023\/08\/Troupe-Chat.jpg","width":1024,"height":561},{"@type":"BreadcrumbList","@id":"https:\/\/standimpro.ch\/particuliers\/prof-impro\/#breadcrumb","itemListElement":[{"@type":"ListItem","position":1,"name":"Accueil","item":"https:\/\/standimpro.ch\/particuliers\/impro\/"},{"@type":"ListItem","position":2,"name":"Qui sommes-nous?"}]},{"@type":"WebSite","@id":"https:\/\/standimpro.ch\/particuliers\/#website","url":"https:\/\/standimpro.ch\/particuliers\/","name":"","description":"","potentialAction":[{"@type":"SearchAction","target":{"@type":"EntryPoint","urlTemplate":"https:\/\/standimpro.ch\/particuliers\/?s={search_term_string}"},"query-input":{"@type":"PropertyValueSpecification","valueRequired":true,"valueName":"search_term_string"}}],"inLanguage":"fr-FR"}]}},"_links":{"self":[{"href":"https:\/\/standimpro.ch\/particuliers\/wp-json\/wp\/v2\/pages\/47","targetHints":{"allow":["GET"]}}],"collection":[{"href":"https:\/\/standimpro.ch\/particuliers\/wp-json\/wp\/v2\/pages"}],"about":[{"href":"https:\/\/standimpro.ch\/particuliers\/wp-json\/wp\/v2\/types\/page"}],"author":[{"embeddable":true,"href":"https:\/\/standimpro.ch\/particuliers\/wp-json\/wp\/v2\/users\/1"}],"replies":[{"embeddable":true,"href":"https:\/\/standimpro.ch\/particuliers\/wp-json\/wp\/v2\/comments?post=47"}],"version-history":[{"count":69,"href":"https:\/\/standimpro.ch\/particuliers\/wp-json\/wp\/v2\/pages\/47\/revisions"}],"predecessor-version":[{"id":8320,"href":"https:\/\/standimpro.ch\/particuliers\/wp-json\/wp\/v2\/pages\/47\/revisions\/8320"}],"wp:attachment":[{"href":"https:\/\/standimpro.ch\/particuliers\/wp-json\/wp\/v2\/media?parent=47"}],"curies":[{"name":"wp","href":"https:\/\/api.w.org\/{rel}","templated":true}]}}