{"id":7101,"date":"2024-02-02T09:24:24","date_gmt":"2024-02-02T08:24:24","guid":{"rendered":"https:\/\/standimpro.ch\/particuliers\/?page_id=7101"},"modified":"2024-02-03T08:11:15","modified_gmt":"2024-02-03T07:11:15","slug":"evenements","status":"publish","type":"page","link":"https:\/\/standimpro.ch\/particuliers\/evenements\/","title":{"rendered":"Ev\u00e9nements"},"content":{"rendered":"\t\t<div data-elementor-type=\"wp-page\" data-elementor-id=\"7101\" class=\"elementor elementor-7101\" data-elementor-post-type=\"page\">\n\t\t\t\t\t\t<section class=\"elementor-section elementor-top-section elementor-element elementor-element-bb6cbd9 elementor-section-content-space-evenly elementor-section-boxed elementor-section-height-default elementor-section-height-default\" data-id=\"bb6cbd9\" data-element_type=\"section\" data-e-type=\"section\">\n\t\t\t\t\t\t<div class=\"elementor-container elementor-column-gap-default\">\n\t\t\t\t\t<div class=\"elementor-column elementor-col-100 elementor-top-column elementor-element elementor-element-061738c\" data-id=\"061738c\" data-element_type=\"column\" data-e-type=\"column\">\n\t\t\t<div class=\"elementor-widget-wrap elementor-element-populated\">\n\t\t\t\t\t\t<div class=\"elementor-element elementor-element-b7ecd71 elementor-widget elementor-widget-heading\" data-id=\"b7ecd71\" data-element_type=\"widget\" data-e-type=\"widget\" data-widget_type=\"heading.default\">\n\t\t\t\t<div class=\"elementor-widget-container\">\n\t\t\t\t\t<h2 class=\"elementor-heading-title elementor-size-default\">champions d'europe et stand'Impro<\/h2>\t\t\t\t<\/div>\n\t\t\t\t<\/div>\n\t\t\t\t<div class=\"elementor-element elementor-element-76976b7 elementor-widget elementor-widget-spacer\" data-id=\"76976b7\" data-element_type=\"widget\" data-e-type=\"widget\" data-widget_type=\"spacer.default\">\n\t\t\t\t<div class=\"elementor-widget-container\">\n\t\t\t\t\t\t\t<div class=\"elementor-spacer\">\n\t\t\t<div class=\"elementor-spacer-inner\"><\/div>\n\t\t<\/div>\n\t\t\t\t\t\t<\/div>\n\t\t\t\t<\/div>\n\t\t\t\t\t<\/div>\n\t\t<\/div>\n\t\t\t\t\t<\/div>\n\t\t<\/section>\n\t\t\t\t<section class=\"elementor-section elementor-top-section elementor-element elementor-element-2773705 elementor-section-boxed elementor-section-height-default elementor-section-height-default\" data-id=\"2773705\" data-element_type=\"section\" data-e-type=\"section\">\n\t\t\t\t\t\t<div class=\"elementor-container elementor-column-gap-default\">\n\t\t\t\t\t<div class=\"elementor-column elementor-col-50 elementor-top-column elementor-element elementor-element-5ed5d65\" data-id=\"5ed5d65\" data-element_type=\"column\" data-e-type=\"column\">\n\t\t\t<div class=\"elementor-widget-wrap elementor-element-populated\">\n\t\t\t\t\t\t<div class=\"elementor-element elementor-element-7707294 elementor-widget elementor-widget-image\" data-id=\"7707294\" data-element_type=\"widget\" data-e-type=\"widget\" 23=\"\" data-widget_type=\"image.default\">\n\t\t\t\t<div class=\"elementor-widget-container\">\n\t\t\t\t\t\t\t\t\t\t\t\t\t\t\t<img fetchpriority=\"high\" decoding=\"async\" width=\"716\" height=\"384\" src=\"https:\/\/standimpro.ch\/particuliers\/wp-content\/uploads\/2024\/02\/2fe42ec5-f0ea-4244-89c2-c6bfd0d2fbd9.png\" class=\"attachment-large size-large wp-image-7114\" alt=\"\" srcset=\"https:\/\/standimpro.ch\/particuliers\/wp-content\/uploads\/2024\/02\/2fe42ec5-f0ea-4244-89c2-c6bfd0d2fbd9.png 716w, https:\/\/standimpro.ch\/particuliers\/wp-content\/uploads\/2024\/02\/2fe42ec5-f0ea-4244-89c2-c6bfd0d2fbd9-300x161.png 300w, https:\/\/standimpro.ch\/particuliers\/wp-content\/uploads\/2024\/02\/2fe42ec5-f0ea-4244-89c2-c6bfd0d2fbd9-705x378.png 705w\" sizes=\"(max-width: 716px) 100vw, 716px\" \/>\t\t\t\t\t\t\t\t\t\t\t\t\t\t\t<\/div>\n\t\t\t\t<\/div>\n\t\t\t\t\t<\/div>\n\t\t<\/div>\n\t\t\t\t<div class=\"elementor-column elementor-col-50 elementor-top-column elementor-element elementor-element-47ac97a\" data-id=\"47ac97a\" data-element_type=\"column\" data-e-type=\"column\">\n\t\t\t<div class=\"elementor-widget-wrap elementor-element-populated\">\n\t\t\t\t\t\t<div class=\"elementor-element elementor-element-3f132f5 elementor-widget elementor-widget-heading\" data-id=\"3f132f5\" data-element_type=\"widget\" data-e-type=\"widget\" data-widget_type=\"heading.default\">\n\t\t\t\t<div class=\"elementor-widget-container\">\n\t\t\t\t\t<h3 class=\"elementor-heading-title elementor-size-default\">Une invitation pas comme les autres<\/h3>\t\t\t\t<\/div>\n\t\t\t\t<\/div>\n\t\t\t\t<div class=\"elementor-element elementor-element-8edff8f elementor-drop-cap-yes elementor-drop-cap-view-default elementor-widget elementor-widget-text-editor\" data-id=\"8edff8f\" data-element_type=\"widget\" data-e-type=\"widget\" data-settings=\"{&quot;drop_cap&quot;:&quot;yes&quot;}\" data-widget_type=\"text-editor.default\">\n\t\t\t\t<div class=\"elementor-widget-container\">\n\t\t\t\t\t\t\t\t\t<p>Le t\u00e9l\u00e9phone sonne \u00e0 Stand&rsquo;Impro. Une blague d&rsquo;un humoriste ayant rat\u00e9 sa profession? Non, c&rsquo;est bien Guillaume Gille, trois fois champions du monde. L&rsquo;entra\u00eeneur de l&rsquo;\u00e9quipe de France de Handball.&nbsp;<\/p>\n<p><\/p>\n<p>Il y a le plan de pr\u00e9paration pour les championnats d&rsquo;Europe. Teambuilding bas\u00e9 sur l&rsquo;improvisation et un spectacle humoristique sont au programme. Les joueurs ont beau \u00eatre champions olympiques en or pour certains, tout le monde va prendre pour son grade \u00e0 l&rsquo;occasion du spectacle. Autant de talent que de simplicit\u00e9 r\u00e9uni dans cette \u00e9quipe.&nbsp;<\/p>\n<p><\/p>\n<p>C&rsquo;est dans cette magnifique \u00ab\u00a0maison du handball\u00a0\u00bb \u00e0 Paris que Stand&rsquo;Impro d\u00e9ploie son humour. Et \u00e7a marche! Pas mal pour des Suisses qui s&rsquo;exportent. Les Joueurs se pr\u00eatent au jeu. D&rsquo;autres montent sur sc\u00e8ne. Un inoubliable moment de rire et de partage.<\/p>\n<p>Et quatre semaines plus tard, nos amis sont&#8230; ni plus ni moins Champions d&rsquo;Europe.&nbsp;<br><\/p>\n<p>Bravo<\/p>\n<p><strong><\/strong><\/p>\t\t\t\t\t\t\t\t<\/div>\n\t\t\t\t<\/div>\n\t\t\t\t\t<\/div>\n\t\t<\/div>\n\t\t\t\t\t<\/div>\n\t\t<\/section>\n\t\t\t\t<\/div>\n\t\t<!-- AddThis Advanced Settings generic via filter on the_content --><!-- AddThis Share Buttons generic via filter on the_content -->","protected":false},"excerpt":{"rendered":"<p>champions d&rsquo;europe et stand&rsquo;Impro Une invitation pas comme les autres Le t\u00e9l\u00e9phone sonne \u00e0 Stand&rsquo;Impro. Une blague d&rsquo;un humoriste ayant rat\u00e9 sa profession? Non, c&rsquo;est bien Guillaume Gille, trois fois champions du monde. L&rsquo;entra\u00eeneur de l&rsquo;\u00e9quipe de France de Handball.&nbsp; Il y a le plan de pr\u00e9paration pour les championnats d&rsquo;Europe. Teambuilding bas\u00e9 sur l&rsquo;improvisation [&hellip;]<!-- AddThis Advanced Settings generic via filter on get_the_excerpt --><!-- AddThis Share Buttons generic via filter on get_the_excerpt --><\/p>\n","protected":false},"author":1,"featured_media":0,"parent":0,"menu_order":0,"comment_status":"closed","ping_status":"closed","template":"","meta":{"footnotes":""},"class_list":["post-7101","page","type-page","status-publish","hentry"],"yoast_head":"<!-- This site is optimized with the Yoast SEO plugin v27.1.1 - https:\/\/yoast.com\/product\/yoast-seo-wordpress\/ -->\n<title>Ev\u00e9nements -<\/title>\n<meta name=\"robots\" content=\"index, follow, max-snippet:-1, max-image-preview:large, max-video-preview:-1\" \/>\n<link rel=\"canonical\" href=\"https:\/\/standimpro.ch\/particuliers\/evenements\/\" \/>\n<meta property=\"og:locale\" content=\"fr_FR\" \/>\n<meta property=\"og:type\" content=\"article\" \/>\n<meta property=\"og:title\" content=\"Ev\u00e9nements -\" \/>\n<meta property=\"og:description\" content=\"champions d&rsquo;europe et stand&rsquo;Impro Une invitation pas comme les autres Le t\u00e9l\u00e9phone sonne \u00e0 Stand&rsquo;Impro. Une blague d&rsquo;un humoriste ayant rat\u00e9 sa profession? Non, c&rsquo;est bien Guillaume Gille, trois fois champions du monde. L&rsquo;entra\u00eeneur de l&rsquo;\u00e9quipe de France de Handball.&nbsp; Il y a le plan de pr\u00e9paration pour les championnats d&rsquo;Europe. Teambuilding bas\u00e9 sur l&rsquo;improvisation [&hellip;]\" \/>\n<meta property=\"og:url\" content=\"https:\/\/standimpro.ch\/particuliers\/evenements\/\" \/>\n<meta property=\"article:publisher\" content=\"https:\/\/www.facebook.com\/standimpro\/?ref=aymt_homepage_panel\" \/>\n<meta property=\"article:modified_time\" content=\"2024-02-03T07:11:15+00:00\" \/>\n<meta property=\"og:image\" content=\"https:\/\/standimpro.ch\/particuliers\/wp-content\/uploads\/2024\/02\/2fe42ec5-f0ea-4244-89c2-c6bfd0d2fbd9.png\" \/>\n<meta name=\"twitter:label1\" content=\"Dur\u00e9e de lecture estim\u00e9e\" \/>\n\t<meta name=\"twitter:data1\" content=\"1 minute\" \/>\n<script type=\"application\/ld+json\" class=\"yoast-schema-graph\">{\"@context\":\"https:\/\/schema.org\",\"@graph\":[{\"@type\":\"WebPage\",\"@id\":\"https:\/\/standimpro.ch\/particuliers\/evenements\/\",\"url\":\"https:\/\/standimpro.ch\/particuliers\/evenements\/\",\"name\":\"Ev\u00e9nements -\",\"isPartOf\":{\"@id\":\"https:\/\/standimpro.ch\/particuliers\/#website\"},\"primaryImageOfPage\":{\"@id\":\"https:\/\/standimpro.ch\/particuliers\/evenements\/#primaryimage\"},\"image\":{\"@id\":\"https:\/\/standimpro.ch\/particuliers\/evenements\/#primaryimage\"},\"thumbnailUrl\":\"https:\/\/standimpro.ch\/particuliers\/wp-content\/uploads\/2024\/02\/2fe42ec5-f0ea-4244-89c2-c6bfd0d2fbd9.png\",\"datePublished\":\"2024-02-02T08:24:24+00:00\",\"dateModified\":\"2024-02-03T07:11:15+00:00\",\"breadcrumb\":{\"@id\":\"https:\/\/standimpro.ch\/particuliers\/evenements\/#breadcrumb\"},\"inLanguage\":\"fr-FR\",\"potentialAction\":[{\"@type\":\"ReadAction\",\"target\":[\"https:\/\/standimpro.ch\/particuliers\/evenements\/\"]}]},{\"@type\":\"ImageObject\",\"inLanguage\":\"fr-FR\",\"@id\":\"https:\/\/standimpro.ch\/particuliers\/evenements\/#primaryimage\",\"url\":\"https:\/\/standimpro.ch\/particuliers\/wp-content\/uploads\/2024\/02\/2fe42ec5-f0ea-4244-89c2-c6bfd0d2fbd9.png\",\"contentUrl\":\"https:\/\/standimpro.ch\/particuliers\/wp-content\/uploads\/2024\/02\/2fe42ec5-f0ea-4244-89c2-c6bfd0d2fbd9.png\",\"width\":716,\"height\":384},{\"@type\":\"BreadcrumbList\",\"@id\":\"https:\/\/standimpro.ch\/particuliers\/evenements\/#breadcrumb\",\"itemListElement\":[{\"@type\":\"ListItem\",\"position\":1,\"name\":\"Accueil\",\"item\":\"https:\/\/standimpro.ch\/particuliers\/impro\/\"},{\"@type\":\"ListItem\",\"position\":2,\"name\":\"Ev\u00e9nements\"}]},{\"@type\":\"WebSite\",\"@id\":\"https:\/\/standimpro.ch\/particuliers\/#website\",\"url\":\"https:\/\/standimpro.ch\/particuliers\/\",\"name\":\"\",\"description\":\"\",\"potentialAction\":[{\"@type\":\"SearchAction\",\"target\":{\"@type\":\"EntryPoint\",\"urlTemplate\":\"https:\/\/standimpro.ch\/particuliers\/?s={search_term_string}\"},\"query-input\":{\"@type\":\"PropertyValueSpecification\",\"valueRequired\":true,\"valueName\":\"search_term_string\"}}],\"inLanguage\":\"fr-FR\"}]}<\/script>\n<!-- \/ Yoast SEO plugin. -->","yoast_head_json":{"title":"Ev\u00e9nements -","robots":{"index":"index","follow":"follow","max-snippet":"max-snippet:-1","max-image-preview":"max-image-preview:large","max-video-preview":"max-video-preview:-1"},"canonical":"https:\/\/standimpro.ch\/particuliers\/evenements\/","og_locale":"fr_FR","og_type":"article","og_title":"Ev\u00e9nements -","og_description":"champions d&rsquo;europe et stand&rsquo;Impro Une invitation pas comme les autres Le t\u00e9l\u00e9phone sonne \u00e0 Stand&rsquo;Impro. Une blague d&rsquo;un humoriste ayant rat\u00e9 sa profession? Non, c&rsquo;est bien Guillaume Gille, trois fois champions du monde. L&rsquo;entra\u00eeneur de l&rsquo;\u00e9quipe de France de Handball.&nbsp; Il y a le plan de pr\u00e9paration pour les championnats d&rsquo;Europe. Teambuilding bas\u00e9 sur l&rsquo;improvisation [&hellip;]","og_url":"https:\/\/standimpro.ch\/particuliers\/evenements\/","article_publisher":"https:\/\/www.facebook.com\/standimpro\/?ref=aymt_homepage_panel","article_modified_time":"2024-02-03T07:11:15+00:00","og_image":[{"url":"https:\/\/standimpro.ch\/particuliers\/wp-content\/uploads\/2024\/02\/2fe42ec5-f0ea-4244-89c2-c6bfd0d2fbd9.png","type":"","width":"","height":""}],"twitter_misc":{"Dur\u00e9e de lecture estim\u00e9e":"1 minute"},"schema":{"@context":"https:\/\/schema.org","@graph":[{"@type":"WebPage","@id":"https:\/\/standimpro.ch\/particuliers\/evenements\/","url":"https:\/\/standimpro.ch\/particuliers\/evenements\/","name":"Ev\u00e9nements -","isPartOf":{"@id":"https:\/\/standimpro.ch\/particuliers\/#website"},"primaryImageOfPage":{"@id":"https:\/\/standimpro.ch\/particuliers\/evenements\/#primaryimage"},"image":{"@id":"https:\/\/standimpro.ch\/particuliers\/evenements\/#primaryimage"},"thumbnailUrl":"https:\/\/standimpro.ch\/particuliers\/wp-content\/uploads\/2024\/02\/2fe42ec5-f0ea-4244-89c2-c6bfd0d2fbd9.png","datePublished":"2024-02-02T08:24:24+00:00","dateModified":"2024-02-03T07:11:15+00:00","breadcrumb":{"@id":"https:\/\/standimpro.ch\/particuliers\/evenements\/#breadcrumb"},"inLanguage":"fr-FR","potentialAction":[{"@type":"ReadAction","target":["https:\/\/standimpro.ch\/particuliers\/evenements\/"]}]},{"@type":"ImageObject","inLanguage":"fr-FR","@id":"https:\/\/standimpro.ch\/particuliers\/evenements\/#primaryimage","url":"https:\/\/standimpro.ch\/particuliers\/wp-content\/uploads\/2024\/02\/2fe42ec5-f0ea-4244-89c2-c6bfd0d2fbd9.png","contentUrl":"https:\/\/standimpro.ch\/particuliers\/wp-content\/uploads\/2024\/02\/2fe42ec5-f0ea-4244-89c2-c6bfd0d2fbd9.png","width":716,"height":384},{"@type":"BreadcrumbList","@id":"https:\/\/standimpro.ch\/particuliers\/evenements\/#breadcrumb","itemListElement":[{"@type":"ListItem","position":1,"name":"Accueil","item":"https:\/\/standimpro.ch\/particuliers\/impro\/"},{"@type":"ListItem","position":2,"name":"Ev\u00e9nements"}]},{"@type":"WebSite","@id":"https:\/\/standimpro.ch\/particuliers\/#website","url":"https:\/\/standimpro.ch\/particuliers\/","name":"","description":"","potentialAction":[{"@type":"SearchAction","target":{"@type":"EntryPoint","urlTemplate":"https:\/\/standimpro.ch\/particuliers\/?s={search_term_string}"},"query-input":{"@type":"PropertyValueSpecification","valueRequired":true,"valueName":"search_term_string"}}],"inLanguage":"fr-FR"}]}},"_links":{"self":[{"href":"https:\/\/standimpro.ch\/particuliers\/wp-json\/wp\/v2\/pages\/7101","targetHints":{"allow":["GET"]}}],"collection":[{"href":"https:\/\/standimpro.ch\/particuliers\/wp-json\/wp\/v2\/pages"}],"about":[{"href":"https:\/\/standimpro.ch\/particuliers\/wp-json\/wp\/v2\/types\/page"}],"author":[{"embeddable":true,"href":"https:\/\/standimpro.ch\/particuliers\/wp-json\/wp\/v2\/users\/1"}],"replies":[{"embeddable":true,"href":"https:\/\/standimpro.ch\/particuliers\/wp-json\/wp\/v2\/comments?post=7101"}],"version-history":[{"count":89,"href":"https:\/\/standimpro.ch\/particuliers\/wp-json\/wp\/v2\/pages\/7101\/revisions"}],"predecessor-version":[{"id":7276,"href":"https:\/\/standimpro.ch\/particuliers\/wp-json\/wp\/v2\/pages\/7101\/revisions\/7276"}],"wp:attachment":[{"href":"https:\/\/standimpro.ch\/particuliers\/wp-json\/wp\/v2\/media?parent=7101"}],"curies":[{"name":"wp","href":"https:\/\/api.w.org\/{rel}","templated":true}]}}